{"id":2513,"date":"2018-04-11T13:31:24","date_gmt":"2018-04-11T09:01:24","guid":{"rendered":"https:\/\/firouzi.team\/le-serment-et-le-pacte-du-manager\/"},"modified":"2025-01-30T16:19:56","modified_gmt":"2025-01-30T12:49:56","slug":"le-serment-et-le-pacte-du-manager","status":"publish","type":"page","link":"https:\/\/firouziart.com\/fr\/le-serment-et-le-pacte-du-manager\/","title":{"rendered":"Le Serment et le Pacte du Manager"},"content":{"rendered":"\t\t<div data-elementor-type=\"wp-post\" data-elementor-id=\"2513\" class=\"elementor elementor-2513 elementor-1157\" data-elementor-post-type=\"page\">\n\t\t\t\t\t\t<section class=\"elementor-section elementor-top-section elementor-element elementor-element-5669475d elementor-section-content-middle elementor-section-boxed elementor-section-height-default elementor-section-height-default\" data-id=\"5669475d\" data-element_type=\"section\" data-settings=\"{&quot;background_background&quot;:&quot;classic&quot;}\">\n\t\t\t\t\t\t\t<div class=\"elementor-background-overlay\"><\/div>\n\t\t\t\t\t\t\t<div class=\"elementor-container elementor-column-gap-wider\">\n\t\t\t\t\t<div class=\"elementor-column elementor-col-100 elementor-top-column elementor-element elementor-element-43e4a758\" data-id=\"43e4a758\" data-element_type=\"column\">\n\t\t\t<div class=\"elementor-widget-wrap elementor-element-populated\">\n\t\t\t\t\t\t<div class=\"elementor-element elementor-element-5e50c0ef elementor-widget elementor-widget-heading\" data-id=\"5e50c0ef\" data-element_type=\"widget\" data-widget_type=\"heading.default\">\n\t\t\t\t<div class=\"elementor-widget-container\">\n\t\t\t<h1 class=\"elementor-heading-title elementor-size-default\">Collaboration et Valorisation<\/h1>\t\t<\/div>\n\t\t\t\t<\/div>\n\t\t\t\t<div class=\"elementor-element elementor-element-76f4de9a elementor-widget elementor-widget-text-editor\" data-id=\"76f4de9a\" data-element_type=\"widget\" data-widget_type=\"text-editor.default\">\n\t\t\t\t<div class=\"elementor-widget-container\">\n\t\t\t\t\t\t\t<p><strong>La base du succ\u00e8s dans l&rsquo;\u00e9quipe Firouzi<\/strong><\/p>\n\t\t\t\t\t\t<\/div>\n\t\t\t\t<\/div>\n\t\t\t\t\t<\/div>\n\t\t<\/div>\n\t\t\t\t\t<\/div>\n\t\t<\/section>\n\t\t\t\t<section class=\"elementor-section elementor-top-section elementor-element elementor-element-2fc5b555 elementor-section-content-middle elementor-section-boxed elementor-section-height-default elementor-section-height-default\" data-id=\"2fc5b555\" data-element_type=\"section\" data-settings=\"{&quot;background_background&quot;:&quot;classic&quot;}\">\n\t\t\t\t\t\t<div class=\"elementor-container elementor-column-gap-wider\">\n\t\t\t\t\t<div class=\"elementor-column elementor-col-100 elementor-top-column elementor-element elementor-element-7da845b8\" data-id=\"7da845b8\" data-element_type=\"column\">\n\t\t\t<div class=\"elementor-widget-wrap elementor-element-populated\">\n\t\t\t\t\t\t<div class=\"elementor-element elementor-element-6bb40cf5 elementor-widget elementor-widget-heading\" data-id=\"6bb40cf5\" data-element_type=\"widget\" data-widget_type=\"heading.default\">\n\t\t\t\t<div class=\"elementor-widget-container\">\n\t\t\t<h2 class=\"elementor-heading-title elementor-size-default\">Enregistrement juridique des \u0153uvres artistiques<\/h2>\t\t<\/div>\n\t\t\t\t<\/div>\n\t\t\t\t<div class=\"elementor-element elementor-element-46cea68f elementor-widget elementor-widget-text-editor\" data-id=\"46cea68f\" data-element_type=\"widget\" data-widget_type=\"text-editor.default\">\n\t\t\t\t<div class=\"elementor-widget-container\">\n\t\t\t\t\t\t\t<p>Dans cette \u00e9quipe, chaque artiste doit avant tout poss\u00e9der les plus hautes comp\u00e9tences en mati\u00e8re de travail d&rsquo;\u00e9quipe, de r\u00e9flexion et de collaboration avant toute capacit\u00e9 individuelle. Ici, le manager garantit que l&rsquo;\u00e9quipe est ferm\u00e9e aux individus qui se concentrent uniquement sur leurs int\u00e9r\u00eats personnels. \u00c0 l\u2019inverse, les artistes avec une mentalit\u00e9 de travail collectif qui souhaitent rejoindre l&rsquo;\u00e9quipe sont consid\u00e9r\u00e9s comme des atouts pr\u00e9cieux, et le manager fait tout son possible pour les attirer et les conserver.<br \/>Ainsi, tous les membres, selon leurs responsabilit\u00e9s au sein de l&rsquo;\u00e9quipe Firouzi, b\u00e9n\u00e9ficient des droits mat\u00e9riels et spirituels des \u0153uvres, document\u00e9s \u00e0 travers des formalit\u00e9s juridiques et enregistr\u00e9s. Cet engagement est une promesse durable port\u00e9e par le manager.<\/p>\n\t\t\t\t\t\t<\/div>\n\t\t\t\t<\/div>\n\t\t\t\t\t<\/div>\n\t\t<\/div>\n\t\t\t\t\t<\/div>\n\t\t<\/section>\n\t\t\t\t<\/div>\n\t\t","protected":false},"excerpt":{"rendered":"<p>Collaboration et Valorisation La base du succ\u00e8s dans l&rsquo;\u00e9quipe Firouzi Enregistrement juridique des \u0153uvres artistiques Dans cette \u00e9quipe, chaque artiste doit avant tout poss\u00e9der les plus hautes comp\u00e9tences en mati\u00e8re de travail d&rsquo;\u00e9quipe, de r\u00e9flexion et de collaboration avant toute capacit\u00e9 individuelle. Ici, le manager garantit que l&rsquo;\u00e9quipe est ferm\u00e9e aux individus qui se concentrent [&hellip;]<\/p>\n","protected":false},"author":1,"featured_media":0,"parent":0,"menu_order":0,"comment_status":"closed","ping_status":"closed","template":"","meta":{"site-sidebar-layout":"no-sidebar","site-content-layout":"page-builder","ast-site-content-layout":"","site-content-style":"default","site-sidebar-style":"default","ast-global-header-display":"","ast-banner-title-visibility":"","ast-main-header-display":"","ast-hfb-above-header-display":"","ast-hfb-below-header-display":"","ast-hfb-mobile-header-display":"","site-post-title":"disabled","ast-breadcrumbs-content":"","ast-featured-img":"disabled","footer-sml-layout":"","theme-transparent-header-meta":"enabled","adv-header-id-meta":"","stick-header-meta":"default","header-above-stick-meta":"","header-main-stick-meta":"","header-below-stick-meta":"","astra-migrate-meta-layouts":"default","ast-page-background-enabled":"default","ast-page-background-meta":{"desktop":{"background-color":"","background-image":"","background-repeat":"repeat","background-position":"center center","background-size":"auto","background-attachment":"scroll","background-type":"","background-media":"","overlay-type":"","overlay-color":"","overlay-opacity":"","overlay-gradient":""},"tablet":{"background-color":"","background-image":"","background-repeat":"repeat","background-position":"center center","background-size":"auto","background-attachment":"scroll","background-type":"","background-media":"","overlay-type":"","overlay-color":"","overlay-opacity":"","overlay-gradient":""},"mobile":{"background-color":"","background-image":"","background-repeat":"repeat","background-position":"center center","background-size":"auto","background-attachment":"scroll","background-type":"","background-media":"","overlay-type":"","overlay-color":"","overlay-opacity":"","overlay-gradient":""}},"ast-content-background-meta":{"desktop":{"background-color":"var(--ast-global-color-5)","background-image":"","background-repeat":"repeat","background-position":"center center","background-size":"auto","background-attachment":"scroll","background-type":"","background-media":"","overlay-type":"","overlay-color":"","overlay-opacity":"","overlay-gradient":""},"tablet":{"background-color":"var(--ast-global-color-5)","background-image":"","background-repeat":"repeat","background-position":"center center","background-size":"auto","background-attachment":"scroll","background-type":"","background-media":"","overlay-type":"","overlay-color":"","overlay-opacity":"","overlay-gradient":""},"mobile":{"background-color":"var(--ast-global-color-5)","background-image":"","background-repeat":"repeat","background-position":"center center","background-size":"auto","background-attachment":"scroll","background-type":"","background-media":"","overlay-type":"","overlay-color":"","overlay-opacity":"","overlay-gradient":""}},"footnotes":""},"class_list":["post-2513","page","type-page","status-publish","hentry"],"uagb_featured_image_src":{"full":false,"thumbnail":false,"medium":false,"medium_large":false,"large":false,"1536x1536":false,"2048x2048":false},"uagb_author_info":{"display_name":"astra","author_link":"https:\/\/firouziart.com\/fr\/author\/astra\/"},"uagb_comment_info":0,"uagb_excerpt":"Collaboration et Valorisation La base du succ\u00e8s dans l&rsquo;\u00e9quipe Firouzi Enregistrement juridique des \u0153uvres artistiques Dans cette \u00e9quipe, chaque artiste doit avant tout poss\u00e9der les plus hautes comp\u00e9tences en mati\u00e8re de travail d&rsquo;\u00e9quipe, de r\u00e9flexion et de collaboration avant toute capacit\u00e9 individuelle. Ici, le manager garantit que l&rsquo;\u00e9quipe est ferm\u00e9e aux individus qui se concentrent\u2026","_links":{"self":[{"href":"https:\/\/firouziart.com\/fr\/wp-json\/wp\/v2\/pages\/2513","targetHints":{"allow":["GET"]}}],"collection":[{"href":"https:\/\/firouziart.com\/fr\/wp-json\/wp\/v2\/pages"}],"about":[{"href":"https:\/\/firouziart.com\/fr\/wp-json\/wp\/v2\/types\/page"}],"author":[{"embeddable":true,"href":"https:\/\/firouziart.com\/fr\/wp-json\/wp\/v2\/users\/1"}],"replies":[{"embeddable":true,"href":"https:\/\/firouziart.com\/fr\/wp-json\/wp\/v2\/comments?post=2513"}],"version-history":[{"count":13,"href":"https:\/\/firouziart.com\/fr\/wp-json\/wp\/v2\/pages\/2513\/revisions"}],"predecessor-version":[{"id":2664,"href":"https:\/\/firouziart.com\/fr\/wp-json\/wp\/v2\/pages\/2513\/revisions\/2664"}],"wp:attachment":[{"href":"https:\/\/firouziart.com\/fr\/wp-json\/wp\/v2\/media?parent=2513"}],"curies":[{"name":"wp","href":"https:\/\/api.w.org\/{rel}","templated":true}]}}