{"id":2509,"date":"2018-04-11T13:29:45","date_gmt":"2018-04-11T08:59:45","guid":{"rendered":"https:\/\/firouzi.team\/page-daccueil\/"},"modified":"2025-01-30T16:17:19","modified_gmt":"2025-01-30T12:47:19","slug":"page-daccueil","status":"publish","type":"page","link":"https:\/\/firouziart.com\/fr\/","title":{"rendered":"Page d\u2019accueil"},"content":{"rendered":"\t\t<div data-elementor-type=\"wp-post\" data-elementor-id=\"2509\" class=\"elementor elementor-2509 elementor-83\" data-elementor-post-type=\"page\">\n\t\t\t\t\t\t<section class=\"elementor-section elementor-top-section elementor-element elementor-element-0f986e4 elementor-section-height-min-height elementor-section-content-middle elementor-section-boxed elementor-section-height-default elementor-section-items-middle\" data-id=\"0f986e4\" data-element_type=\"section\" data-settings=\"{&quot;background_background&quot;:&quot;classic&quot;}\">\n\t\t\t\t\t\t\t<div class=\"elementor-background-overlay\"><\/div>\n\t\t\t\t\t\t\t<div class=\"elementor-container elementor-column-gap-wider\">\n\t\t\t\t\t<div class=\"elementor-column elementor-col-100 elementor-top-column elementor-element elementor-element-6059ec8\" data-id=\"6059ec8\" data-element_type=\"column\">\n\t\t\t<div class=\"elementor-widget-wrap elementor-element-populated\">\n\t\t\t\t\t\t<div class=\"elementor-element elementor-element-f450362 elementor-widget elementor-widget-heading\" data-id=\"f450362\" data-element_type=\"widget\" data-widget_type=\"heading.default\">\n\t\t\t\t<div class=\"elementor-widget-container\">\n\t\t\t<h1 class=\"elementor-heading-title elementor-size-default\">\n\u00c9quipe Firoozi<\/h1>\t\t<\/div>\n\t\t\t\t<\/div>\n\t\t\t\t<div class=\"elementor-element elementor-element-f706b15 elementor-widget elementor-widget-text-editor\" data-id=\"f706b15\" data-element_type=\"widget\" data-widget_type=\"text-editor.default\">\n\t\t\t\t<div class=\"elementor-widget-container\">\n\t\t\t\t\t\t\t<p>\u00c9quipe Firoozi<\/p>\n<p>Apr\u00e8s des ann\u00e9es d\u2019activit\u00e9 artistique, nous pr\u00e9sentons maintenant notre derni\u00e8re cr\u00e9ation, mettant en avant notre cr\u00e9ativit\u00e9 technique et artistique combin\u00e9e \u00e0 la technologie de l\u2019intelligence artificielle.<\/p>\n<p>Ce site renonce \u00e0 l\u2019exposition des \u0153uvres pass\u00e9es de l\u2019\u00e9quipe pour se concentrer sur le th\u00e8me principal :<\/p>\n<p>Pr\u00e9senter les derni\u00e8res innovations int\u00e9gr\u00e9es \u00e0 la technologie de l\u2019intelligence artificielle appliqu\u00e9es aux (designs de peinture), \u0153uvres pr\u00e9cieuses des grands artistes.<\/p>\n<p>Par ailleurs :<\/p>\n<p>Les designs de peinture de ces artistes, r\u00e9alis\u00e9s avec une pr\u00e9cision et une beaut\u00e9 extr\u00eames gr\u00e2ce \u00e0 la science de la chimie des mat\u00e9riaux, sont transform\u00e9s en sculptures et bas-reliefs. Avec l\u2019ajout d\u2019effets sonores, lumineux et d\u2019un affichage contr\u00f4l\u00e9 par intelligence artificielle, ces \u0153uvres deviennent uniques et exceptionnelles.<\/p>\n<p>La vid\u00e9o ci-dessous est pr\u00e9sent\u00e9e \u00e0 cette fin.<\/p>\n\t\t\t\t\t\t<\/div>\n\t\t\t\t<\/div>\n\t\t\t\t<div class=\"elementor-element elementor-element-5359de6 elementor-widget elementor-widget-html\" data-id=\"5359de6\" data-element_type=\"widget\" data-widget_type=\"html.default\">\n\t\t\t\t<div class=\"elementor-widget-container\">\n\t\t\t<div id=\"53293368083\"><script type=\"text\/JavaScript\" src=\"https:\/\/www.aparat.com\/embed\/gmh56oi?data%5Brnddiv%5D=53293368083&amp;data%5Bresponsive%5D=yes&amp;titleShow=true\"><\/script><\/div>\t\t<\/div>\n\t\t\t\t<\/div>\n\t\t\t\t<div class=\"elementor-element elementor-element-fd2bac6 elementor-widget elementor-widget-text-editor\" data-id=\"fd2bac6\" data-element_type=\"widget\" data-widget_type=\"text-editor.default\">\n\t\t\t\t<div class=\"elementor-widget-container\">\n\t\t\t\t\t\t\t<p style=\"text-align: center;\"><span style=\"color: #ffffff;\">Ici, l\u2019\u0153uvre d\u2019art du ma\u00eetre Mahmoud Farshchian a \u00e9t\u00e9 r\u00e9alis\u00e9e sous forme de sculpture avec des caract\u00e9ristiques sp\u00e9ciales, dont les effets sont affich\u00e9s \u00e0 l\u2019aide de l\u2019intelligence artificielle.<\/span><\/p>\n<p style=\"text-align: center;\"><span style=\"color: #ffffff;\">Ainsi :<\/span><\/p>\n<p style=\"text-align: center;\"><span style=\"color: #ffffff;\">Compte tenu de la complexit\u00e9 du design et des couleurs, pour d\u00e9montrer les capacit\u00e9s de l\u2019\u00e9quipe dans l\u2019utilisation de la chimie et la cr\u00e9ativit\u00e9 technique et artistique, cette \u0153uvre pr\u00e9cieuse est le choix le plus appropri\u00e9 pour l\u2019ex\u00e9cution et \u00e9galement parmi les plus difficiles \u00e0 r\u00e9aliser.<\/span><\/p>\n\t\t\t\t\t\t<\/div>\n\t\t\t\t<\/div>\n\t\t\t\t\t<\/div>\n\t\t<\/div>\n\t\t\t\t\t<\/div>\n\t\t<\/section>\n\t\t\t\t<section class=\"elementor-section elementor-top-section elementor-element elementor-element-1ce9f06 elementor-section-content-middle elementor-section-boxed elementor-section-height-default elementor-section-height-default\" data-id=\"1ce9f06\" data-element_type=\"section\">\n\t\t\t\t\t\t<div class=\"elementor-container elementor-column-gap-wider\">\n\t\t\t\t\t<div class=\"elementor-column elementor-col-100 elementor-top-column elementor-element elementor-element-398ebeb\" data-id=\"398ebeb\" data-element_type=\"column\">\n\t\t\t<div class=\"elementor-widget-wrap elementor-element-populated\">\n\t\t\t\t\t\t<div class=\"elementor-element elementor-element-acf6c2a elementor-widget elementor-widget-heading\" data-id=\"acf6c2a\" data-element_type=\"widget\" data-widget_type=\"heading.default\">\n\t\t\t\t<div class=\"elementor-widget-container\">\n\t\t\t<h4 class=\"elementor-heading-title elementor-size-default\">L\u2019exposition de cette \u0153uvre est un exemple o\u00f9 certaines de ses caract\u00e9ristiques techniques et artistiques sont mentionn\u00e9es ici :<\/h4>\t\t<\/div>\n\t\t\t\t<\/div>\n\t\t\t\t<section class=\"elementor-section elementor-inner-section elementor-element elementor-element-0477bab elementor-section-content-top elementor-section-boxed elementor-section-height-default elementor-section-height-default\" data-id=\"0477bab\" data-element_type=\"section\">\n\t\t\t\t\t\t<div class=\"elementor-container elementor-column-gap-wider\">\n\t\t\t\t\t<div class=\"elementor-column elementor-col-33 elementor-inner-column elementor-element elementor-element-019a9e1\" data-id=\"019a9e1\" data-element_type=\"column\" data-settings=\"{&quot;background_background&quot;:&quot;classic&quot;}\">\n\t\t\t<div class=\"elementor-widget-wrap elementor-element-populated\">\n\t\t\t\t\t\t<div class=\"elementor-element elementor-element-af2cf45 elementor-widget elementor-widget-heading\" data-id=\"af2cf45\" data-element_type=\"widget\" data-widget_type=\"heading.default\">\n\t\t\t\t<div class=\"elementor-widget-container\">\n\t\t\t<h5 class=\"elementor-heading-title elementor-size-default\">La Magie de la Couleur<\/h5>\t\t<\/div>\n\t\t\t\t<\/div>\n\t\t\t\t<div class=\"elementor-element elementor-element-b994e6b elementor-widget elementor-widget-text-editor\" data-id=\"b994e6b\" data-element_type=\"widget\" data-widget_type=\"text-editor.default\">\n\t\t\t\t<div class=\"elementor-widget-container\">\n\t\t\t\t\t\t\t<p>Coloration des tableaux en combinant les styles du Pointillisme et du R\u00e9alisme, ainsi que l\u2019utilisation de techniques chimiques pour cr\u00e9er des effets de couleur.<\/p>\n\t\t\t\t\t\t<\/div>\n\t\t\t\t<\/div>\n\t\t\t\t\t<\/div>\n\t\t<\/div>\n\t\t\t\t<div class=\"elementor-column elementor-col-33 elementor-inner-column elementor-element elementor-element-637e5a4\" data-id=\"637e5a4\" data-element_type=\"column\" data-settings=\"{&quot;background_background&quot;:&quot;classic&quot;}\">\n\t\t\t<div class=\"elementor-widget-wrap elementor-element-populated\">\n\t\t\t\t\t\t<div class=\"elementor-element elementor-element-5217ab7 elementor-widget elementor-widget-heading\" data-id=\"5217ab7\" data-element_type=\"widget\" data-widget_type=\"heading.default\">\n\t\t\t\t<div class=\"elementor-widget-container\">\n\t\t\t<h5 class=\"elementor-heading-title elementor-size-default\">Sculptures Uniques<\/h5>\t\t<\/div>\n\t\t\t\t<\/div>\n\t\t\t\t<div class=\"elementor-element elementor-element-0004a49 elementor-widget elementor-widget-text-editor\" data-id=\"0004a49\" data-element_type=\"widget\" data-widget_type=\"text-editor.default\">\n\t\t\t\t<div class=\"elementor-widget-container\">\n\t\t\t\t\t\t\t<p>Cr\u00e9ation de sculptures \u00e0 partir de mat\u00e9riaux composites et de diverses r\u00e9sines pour la solidit\u00e9, la texture et une vari\u00e9t\u00e9 de couleurs.<\/p>\n\t\t\t\t\t\t<\/div>\n\t\t\t\t<\/div>\n\t\t\t\t\t<\/div>\n\t\t<\/div>\n\t\t\t\t<div class=\"elementor-column elementor-col-33 elementor-inner-column elementor-element elementor-element-fff8ff4\" data-id=\"fff8ff4\" data-element_type=\"column\" data-settings=\"{&quot;background_background&quot;:&quot;classic&quot;}\">\n\t\t\t<div class=\"elementor-widget-wrap elementor-element-populated\">\n\t\t\t\t\t\t<div class=\"elementor-element elementor-element-045332c elementor-widget elementor-widget-heading\" data-id=\"045332c\" data-element_type=\"widget\" data-widget_type=\"heading.default\">\n\t\t\t\t<div class=\"elementor-widget-container\">\n\t\t\t<h5 class=\"elementor-heading-title elementor-size-default\">\u00c9clairage Sp\u00e9cial<\/h5>\t\t<\/div>\n\t\t\t\t<\/div>\n\t\t\t\t<div class=\"elementor-element elementor-element-9662a9b elementor-widget elementor-widget-text-editor\" data-id=\"9662a9b\" data-element_type=\"widget\" data-widget_type=\"text-editor.default\">\n\t\t\t\t<div class=\"elementor-widget-container\">\n\t\t\t\t\t\t\t<p>Utilisation de la technologie de rayonnement des faisceaux lumineux pour exposer les effets de couleur.<\/p>\n\t\t\t\t\t\t<\/div>\n\t\t\t\t<\/div>\n\t\t\t\t\t<\/div>\n\t\t<\/div>\n\t\t\t\t\t<\/div>\n\t\t<\/section>\n\t\t\t\t<section class=\"elementor-section elementor-inner-section elementor-element elementor-element-2f02c23 elementor-section-content-top elementor-section-boxed elementor-section-height-default elementor-section-height-default\" data-id=\"2f02c23\" data-element_type=\"section\">\n\t\t\t\t\t\t<div class=\"elementor-container elementor-column-gap-wider\">\n\t\t\t\t\t<div class=\"elementor-column elementor-col-33 elementor-inner-column elementor-element elementor-element-54ad737\" data-id=\"54ad737\" data-element_type=\"column\" data-settings=\"{&quot;background_background&quot;:&quot;classic&quot;}\">\n\t\t\t<div class=\"elementor-widget-wrap elementor-element-populated\">\n\t\t\t\t\t\t<div class=\"elementor-element elementor-element-990aa33 elementor-widget elementor-widget-heading\" data-id=\"990aa33\" data-element_type=\"widget\" data-widget_type=\"heading.default\">\n\t\t\t\t<div class=\"elementor-widget-container\">\n\t\t\t<h5 class=\"elementor-heading-title elementor-size-default\">Harmonie Musicale avec l'\u0152uvre d'Art<\/h5>\t\t<\/div>\n\t\t\t\t<\/div>\n\t\t\t\t<div class=\"elementor-element elementor-element-134b8a1 elementor-widget elementor-widget-text-editor\" data-id=\"134b8a1\" data-element_type=\"widget\" data-widget_type=\"text-editor.default\">\n\t\t\t\t<div class=\"elementor-widget-container\">\n\t\t\t\t\t\t\t<p>Composition de musique en fonction du th\u00e8me des \u0153uvres d&rsquo;art, diffus\u00e9e \u00e0 l&rsquo;aide de la technologie sonore multidimensionnelle.<\/p>\n\t\t\t\t\t\t<\/div>\n\t\t\t\t<\/div>\n\t\t\t\t\t<\/div>\n\t\t<\/div>\n\t\t\t\t<div class=\"elementor-column elementor-col-33 elementor-inner-column elementor-element elementor-element-2c6f9ee\" data-id=\"2c6f9ee\" data-element_type=\"column\" data-settings=\"{&quot;background_background&quot;:&quot;classic&quot;}\">\n\t\t\t<div class=\"elementor-widget-wrap elementor-element-populated\">\n\t\t\t\t\t\t<div class=\"elementor-element elementor-element-c74421d elementor-widget elementor-widget-heading\" data-id=\"c74421d\" data-element_type=\"widget\" data-widget_type=\"heading.default\">\n\t\t\t\t<div class=\"elementor-widget-container\">\n\t\t\t<h5 class=\"elementor-heading-title elementor-size-default\">Effets (IA)<\/h5>\t\t<\/div>\n\t\t\t\t<\/div>\n\t\t\t\t<div class=\"elementor-element elementor-element-9d46376 elementor-widget elementor-widget-text-editor\" data-id=\"9d46376\" data-element_type=\"widget\" data-widget_type=\"text-editor.default\">\n\t\t\t\t<div class=\"elementor-widget-container\">\n\t\t\t\t\t\t\t<p>Harmonisation des effets lumineux, musicaux et color\u00e9s avec l&rsquo;intelligence artificielle.<\/p>\n\t\t\t\t\t\t<\/div>\n\t\t\t\t<\/div>\n\t\t\t\t\t<\/div>\n\t\t<\/div>\n\t\t\t\t<div class=\"elementor-column elementor-col-33 elementor-inner-column elementor-element elementor-element-935b1b7\" data-id=\"935b1b7\" data-element_type=\"column\" data-settings=\"{&quot;background_background&quot;:&quot;classic&quot;}\">\n\t\t\t<div class=\"elementor-widget-wrap elementor-element-populated\">\n\t\t\t\t\t\t<div class=\"elementor-element elementor-element-66890fb elementor-widget elementor-widget-heading\" data-id=\"66890fb\" data-element_type=\"widget\" data-widget_type=\"heading.default\">\n\t\t\t\t<div class=\"elementor-widget-container\">\n\t\t\t<h5 class=\"elementor-heading-title elementor-size-default\">Analyse Psychologique (IA)<\/h5>\t\t<\/div>\n\t\t\t\t<\/div>\n\t\t\t\t<div class=\"elementor-element elementor-element-ae2d8a8 elementor-widget elementor-widget-text-editor\" data-id=\"ae2d8a8\" data-element_type=\"widget\" data-widget_type=\"text-editor.default\">\n\t\t\t\t<div class=\"elementor-widget-container\">\n\t\t\t\t\t\t\t<p>Modification des effets dans l&rsquo;\u0153uvre d&rsquo;art pour susciter les meilleures \u00e9motions chez le public et analyse psychologique de celui-ci par l&rsquo;intelligence artificielle en fonction de l&rsquo;\u0153uvre d&rsquo;art.<\/p>\n\t\t\t\t\t\t<\/div>\n\t\t\t\t<\/div>\n\t\t\t\t\t<\/div>\n\t\t<\/div>\n\t\t\t\t\t<\/div>\n\t\t<\/section>\n\t\t\t\t\t<\/div>\n\t\t<\/div>\n\t\t\t\t\t<\/div>\n\t\t<\/section>\n\t\t\t\t<\/div>\n\t\t","protected":false},"excerpt":{"rendered":"<p>\u00c9quipe Firoozi \u00c9quipe Firoozi Apr\u00e8s des ann\u00e9es d\u2019activit\u00e9 artistique, nous pr\u00e9sentons maintenant notre derni\u00e8re cr\u00e9ation, mettant en avant notre cr\u00e9ativit\u00e9 technique et artistique combin\u00e9e \u00e0 la technologie de l\u2019intelligence artificielle. Ce site renonce \u00e0 l\u2019exposition des \u0153uvres pass\u00e9es de l\u2019\u00e9quipe pour se concentrer sur le th\u00e8me principal : Pr\u00e9senter les derni\u00e8res innovations int\u00e9gr\u00e9es \u00e0 la [&hellip;]<\/p>\n","protected":false},"author":1,"featured_media":0,"parent":0,"menu_order":0,"comment_status":"closed","ping_status":"closed","template":"","meta":{"site-sidebar-layout":"no-sidebar","site-content-layout":"page-builder","ast-site-content-layout":"","site-content-style":"default","site-sidebar-style":"default","ast-global-header-display":"","ast-banner-title-visibility":"","ast-main-header-display":"","ast-hfb-above-header-display":"","ast-hfb-below-header-display":"","ast-hfb-mobile-header-display":"","site-post-title":"disabled","ast-breadcrumbs-content":"","ast-featured-img":"disabled","footer-sml-layout":"","theme-transparent-header-meta":"enabled","adv-header-id-meta":"","stick-header-meta":"default","header-above-stick-meta":"","header-main-stick-meta":"","header-below-stick-meta":"","astra-migrate-meta-layouts":"default","ast-page-background-enabled":"default","ast-page-background-meta":{"desktop":{"background-color":"","background-image":"","background-repeat":"repeat","background-position":"center center","background-size":"auto","background-attachment":"scroll","background-type":"","background-media":"","overlay-type":"","overlay-color":"","overlay-opacity":"","overlay-gradient":""},"tablet":{"background-color":"","background-image":"","background-repeat":"repeat","background-position":"center center","background-size":"auto","background-attachment":"scroll","background-type":"","background-media":"","overlay-type":"","overlay-color":"","overlay-opacity":"","overlay-gradient":""},"mobile":{"background-color":"","background-image":"","background-repeat":"repeat","background-position":"center center","background-size":"auto","background-attachment":"scroll","background-type":"","background-media":"","overlay-type":"","overlay-color":"","overlay-opacity":"","overlay-gradient":""}},"ast-content-background-meta":{"desktop":{"background-color":"var(--ast-global-color-5)","background-image":"","background-repeat":"repeat","background-position":"center center","background-size":"auto","background-attachment":"scroll","background-type":"","background-media":"","overlay-type":"","overlay-color":"","overlay-opacity":"","overlay-gradient":""},"tablet":{"background-color":"var(--ast-global-color-5)","background-image":"","background-repeat":"repeat","background-position":"center center","background-size":"auto","background-attachment":"scroll","background-type":"","background-media":"","overlay-type":"","overlay-color":"","overlay-opacity":"","overlay-gradient":""},"mobile":{"background-color":"var(--ast-global-color-5)","background-image":"","background-repeat":"repeat","background-position":"center center","background-size":"auto","background-attachment":"scroll","background-type":"","background-media":"","overlay-type":"","overlay-color":"","overlay-opacity":"","overlay-gradient":""}},"footnotes":""},"class_list":["post-2509","page","type-page","status-publish","hentry"],"uagb_featured_image_src":{"full":false,"thumbnail":false,"medium":false,"medium_large":false,"large":false,"1536x1536":false,"2048x2048":false},"uagb_author_info":{"display_name":"astra","author_link":"https:\/\/firouziart.com\/fr\/author\/astra\/"},"uagb_comment_info":0,"uagb_excerpt":"\u00c9quipe Firoozi \u00c9quipe Firoozi Apr\u00e8s des ann\u00e9es d\u2019activit\u00e9 artistique, nous pr\u00e9sentons maintenant notre derni\u00e8re cr\u00e9ation, mettant en avant notre cr\u00e9ativit\u00e9 technique et artistique combin\u00e9e \u00e0 la technologie de l\u2019intelligence artificielle. Ce site renonce \u00e0 l\u2019exposition des \u0153uvres pass\u00e9es de l\u2019\u00e9quipe pour se concentrer sur le th\u00e8me principal : Pr\u00e9senter les derni\u00e8res innovations int\u00e9gr\u00e9es \u00e0 la\u2026","_links":{"self":[{"href":"https:\/\/firouziart.com\/fr\/wp-json\/wp\/v2\/pages\/2509","targetHints":{"allow":["GET"]}}],"collection":[{"href":"https:\/\/firouziart.com\/fr\/wp-json\/wp\/v2\/pages"}],"about":[{"href":"https:\/\/firouziart.com\/fr\/wp-json\/wp\/v2\/types\/page"}],"author":[{"embeddable":true,"href":"https:\/\/firouziart.com\/fr\/wp-json\/wp\/v2\/users\/1"}],"replies":[{"embeddable":true,"href":"https:\/\/firouziart.com\/fr\/wp-json\/wp\/v2\/comments?post=2509"}],"version-history":[{"count":7,"href":"https:\/\/firouziart.com\/fr\/wp-json\/wp\/v2\/pages\/2509\/revisions"}],"predecessor-version":[{"id":2652,"href":"https:\/\/firouziart.com\/fr\/wp-json\/wp\/v2\/pages\/2509\/revisions\/2652"}],"wp:attachment":[{"href":"https:\/\/firouziart.com\/fr\/wp-json\/wp\/v2\/media?parent=2509"}],"curies":[{"name":"wp","href":"https:\/\/api.w.org\/{rel}","templated":true}]}}