{"id":2505,"date":"2025-01-08T15:35:40","date_gmt":"2025-01-08T12:05:40","guid":{"rendered":"https:\/\/firouzi.team\/questions-frequemment\/"},"modified":"2025-01-30T16:25:54","modified_gmt":"2025-01-30T12:55:54","slug":"questions-frequemment","status":"publish","type":"page","link":"https:\/\/firouziart.com\/fr\/questions-frequemment\/","title":{"rendered":"Questions Fr\u00e9quemment"},"content":{"rendered":"\t\t<div data-elementor-type=\"wp-page\" data-elementor-id=\"2505\" class=\"elementor elementor-2505 elementor-1785\" data-elementor-post-type=\"page\">\n\t\t\t\t\t\t<section class=\"elementor-section elementor-top-section elementor-element elementor-element-5ed24ad elementor-section-boxed elementor-section-height-default elementor-section-height-default\" data-id=\"5ed24ad\" data-element_type=\"section\" data-settings=\"{&quot;background_background&quot;:&quot;classic&quot;,&quot;background_motion_fx_motion_fx_scrolling&quot;:&quot;yes&quot;,&quot;background_motion_fx_blur_effect&quot;:&quot;yes&quot;,&quot;background_motion_fx_blur_level&quot;:{&quot;unit&quot;:&quot;px&quot;,&quot;size&quot;:4,&quot;sizes&quot;:[]},&quot;background_motion_fx_scale_effect&quot;:&quot;yes&quot;,&quot;background_motion_fx_motion_fx_mouse&quot;:&quot;yes&quot;,&quot;background_motion_fx_blur_direction&quot;:&quot;out-in&quot;,&quot;background_motion_fx_blur_range&quot;:{&quot;unit&quot;:&quot;%&quot;,&quot;size&quot;:&quot;&quot;,&quot;sizes&quot;:{&quot;start&quot;:20,&quot;end&quot;:80}},&quot;background_motion_fx_scale_direction&quot;:&quot;out-in&quot;,&quot;background_motion_fx_scale_speed&quot;:{&quot;unit&quot;:&quot;px&quot;,&quot;size&quot;:4,&quot;sizes&quot;:[]},&quot;background_motion_fx_scale_range&quot;:{&quot;unit&quot;:&quot;%&quot;,&quot;size&quot;:&quot;&quot;,&quot;sizes&quot;:{&quot;start&quot;:20,&quot;end&quot;:80}},&quot;background_motion_fx_devices&quot;:[&quot;desktop&quot;,&quot;tablet&quot;,&quot;mobile&quot;]}\">\n\t\t\t\t\t\t\t<div class=\"elementor-background-overlay\"><\/div>\n\t\t\t\t\t\t\t<div class=\"elementor-container elementor-column-gap-default\">\n\t\t\t\t\t<div class=\"elementor-column elementor-col-100 elementor-top-column elementor-element elementor-element-eac18e0\" data-id=\"eac18e0\" data-element_type=\"column\">\n\t\t\t<div class=\"elementor-widget-wrap elementor-element-populated\">\n\t\t\t\t\t\t<div class=\"elementor-element elementor-element-1b263f5 elementor-widget elementor-widget-spacer\" data-id=\"1b263f5\" data-element_type=\"widget\" data-widget_type=\"spacer.default\">\n\t\t\t\t<div class=\"elementor-widget-container\">\n\t\t\t\t\t<div class=\"elementor-spacer\">\n\t\t\t<div class=\"elementor-spacer-inner\"><\/div>\n\t\t<\/div>\n\t\t\t\t<\/div>\n\t\t\t\t<\/div>\n\t\t\t\t<div class=\"elementor-element elementor-element-44ea776 elementor-widget elementor-widget-heading\" data-id=\"44ea776\" data-element_type=\"widget\" data-widget_type=\"heading.default\">\n\t\t\t\t<div class=\"elementor-widget-container\">\n\t\t\t<h2 class=\"elementor-heading-title elementor-size-default\">Questions Fr\u00e9quemment Pos\u00e9es pour les Candidats \u00e0 l\u2019Emploi<\/h2>\t\t<\/div>\n\t\t\t\t<\/div>\n\t\t\t\t\t<\/div>\n\t\t<\/div>\n\t\t\t\t\t<\/div>\n\t\t<\/section>\n\t\t\t\t<section class=\"elementor-section elementor-top-section elementor-element elementor-element-3daa488 elementor-section-boxed elementor-section-height-default elementor-section-height-default\" data-id=\"3daa488\" data-element_type=\"section\">\n\t\t\t\t\t\t<div class=\"elementor-container elementor-column-gap-default\">\n\t\t\t\t\t<div class=\"elementor-column elementor-col-100 elementor-top-column elementor-element elementor-element-d553dcb\" data-id=\"d553dcb\" data-element_type=\"column\">\n\t\t\t<div class=\"elementor-widget-wrap elementor-element-populated\">\n\t\t\t\t\t\t<div class=\"elementor-element elementor-element-fdfa78e elementor-widget elementor-widget-spacer\" data-id=\"fdfa78e\" data-element_type=\"widget\" data-widget_type=\"spacer.default\">\n\t\t\t\t<div class=\"elementor-widget-container\">\n\t\t\t\t\t<div class=\"elementor-spacer\">\n\t\t\t<div class=\"elementor-spacer-inner\"><\/div>\n\t\t<\/div>\n\t\t\t\t<\/div>\n\t\t\t\t<\/div>\n\t\t\t\t<div class=\"elementor-element elementor-element-98a8ebe elementor-widget elementor-widget-accordion\" data-id=\"98a8ebe\" data-element_type=\"widget\" data-widget_type=\"accordion.default\">\n\t\t\t\t<div class=\"elementor-widget-container\">\n\t\t\t\t\t<div class=\"elementor-accordion\">\n\t\t\t\t\t\t\t<div class=\"elementor-accordion-item\">\n\t\t\t\t\t<div id=\"elementor-tab-title-1601\" class=\"elementor-tab-title\" data-tab=\"1\" role=\"button\" aria-controls=\"elementor-tab-content-1601\" aria-expanded=\"false\">\n\t\t\t\t\t\t\t\t\t\t\t\t\t<span class=\"elementor-accordion-icon elementor-accordion-icon-left\" aria-hidden=\"true\">\n\t\t\t\t\t\t\t\t\t\t\t\t\t\t\t<span class=\"elementor-accordion-icon-closed\"><i class=\"fas fa-plus\"><\/i><\/span>\n\t\t\t\t\t\t\t\t<span class=\"elementor-accordion-icon-opened\"><i class=\"fas fa-minus\"><\/i><\/span>\n\t\t\t\t\t\t\t\t\t\t\t\t\t\t<\/span>\n\t\t\t\t\t\t\t\t\t\t\t\t<a class=\"elementor-accordion-title\" tabindex=\"0\">1. Comment puis-je vous faire confiance ?<\/a>\n\t\t\t\t\t<\/div>\n\t\t\t\t\t<div id=\"elementor-tab-content-1601\" class=\"elementor-tab-content elementor-clearfix\" data-tab=\"1\" role=\"region\" aria-labelledby=\"elementor-tab-title-1601\"><p>Avec la demande croissante d\u2019immigration et d\u2019obtention de visas de travail \u00e0 l\u2019\u00e9tranger, il est naturel d\u2019\u00eatre pr\u00e9occup\u00e9 par les activit\u00e9s frauduleuses ou non fiables. C\u2019est pourquoi je vous encourage \u00e0 examiner attentivement ce site web, en particulier la section \u00ab Points Notables \u00bb, ainsi que les points suivants : <\/p>\n<p>\u2022 Premi\u00e8rement : Aucun \u00e9change d\u2019argent ni proposition financi\u00e8re n\u2019est permis lors du processus de recrutement. Toutes les activit\u00e9s, y compris les stages, sont gratuites au sein de l\u2019\u00e9quipe.<\/p>\n<p>\u2022 Deuxi\u00e8mement : La s\u00e9lection des candidats pour les postes ou les stages est exclusivement r\u00e9alis\u00e9e par le responsable de l\u2019\u00e9quipe.<\/p>\n<p>\u2022 Troisi\u00e8mement : La communication initiale ainsi que toutes les questions entre les candidats et l\u2019\u00e9quipe de recrutement se font via des conf\u00e9rences vid\u00e9o supervis\u00e9es directement par le responsable de l\u2019\u00e9quipe.<\/p>\n<p>\u2022 Quatri\u00e8mement : Les candidats peuvent partager les conf\u00e9rences vid\u00e9o avec leur avocat ou leur tuteur pendant les sessions.<\/p>\n<p>\u2022 Cinqui\u00e8mement : Les informations relatives au contrat de l\u2019\u00e9quipe avec le pays employeur sont fournies aux candidats lors de la premi\u00e8re conf\u00e9rence vid\u00e9o afin de permettre une v\u00e9rification aupr\u00e8s des autorit\u00e9s comp\u00e9tentes.<\/p>\n<p>\u2022 Sixi\u00e8mement : Les candidats c\u00e9libataires ayant des tuteurs ne peuvent \u00eatre embauch\u00e9s qu\u2019avec le consentement du tuteur. Ils ont \u00e9galement la possibilit\u00e9 d\u2019amener gratuitement un membre de leur famille pour une visite des installations de l\u2019\u00e9quipe dans le pays employeur, afin de dissiper leurs inqui\u00e9tudes.<\/p>\n<p>\u2022 Septi\u00e8mement : Le num\u00e9ro de t\u00e9l\u00e9phone fixe du bureau, l\u2019adresse enregistr\u00e9e du bureau et les profils des membres du personnel de recrutement (avec photos officielles) sont fournis pour instaurer la confiance et garantir une conduite professionnelle.<\/p>\n<\/div>\n\t\t\t\t<\/div>\n\t\t\t\t\t\t\t<div class=\"elementor-accordion-item\">\n\t\t\t\t\t<div id=\"elementor-tab-title-1602\" class=\"elementor-tab-title\" data-tab=\"2\" role=\"button\" aria-controls=\"elementor-tab-content-1602\" aria-expanded=\"false\">\n\t\t\t\t\t\t\t\t\t\t\t\t\t<span class=\"elementor-accordion-icon elementor-accordion-icon-left\" aria-hidden=\"true\">\n\t\t\t\t\t\t\t\t\t\t\t\t\t\t\t<span class=\"elementor-accordion-icon-closed\"><i class=\"fas fa-plus\"><\/i><\/span>\n\t\t\t\t\t\t\t\t<span class=\"elementor-accordion-icon-opened\"><i class=\"fas fa-minus\"><\/i><\/span>\n\t\t\t\t\t\t\t\t\t\t\t\t\t\t<\/span>\n\t\t\t\t\t\t\t\t\t\t\t\t<a class=\"elementor-accordion-title\" tabindex=\"0\">2. Dans quels pays et pour quelles sp\u00e9cialit\u00e9s votre \u00e9quipe recrute-t-elle ?<\/a>\n\t\t\t\t\t<\/div>\n\t\t\t\t\t<div id=\"elementor-tab-content-1602\" class=\"elementor-tab-content elementor-clearfix\" data-tab=\"2\" role=\"region\" aria-labelledby=\"elementor-tab-title-1602\"><p>Via les r\u00e9seaux sociaux, les personnes ayant des comp\u00e9tences artistiques sont invit\u00e9es \u00e0 explorer le site web. Si vous \u00eates int\u00e9ress\u00e9(e) par une candidature, apr\u00e8s avoir rempli le formulaire d\u2019inscription et assist\u00e9 \u00e0 la premi\u00e8re conf\u00e9rence vid\u00e9o, le nom du pays employeur vous sera communiqu\u00e9. Cela s\u2019explique par le fait que l\u2019\u00e9quipe peut, \u00e0 un moment donn\u00e9, recruter pour deux employeurs dans des pays diff\u00e9rents.  Par cons\u00e9quent, les besoins de l\u2019\u00e9quipe varient en fonction de la sp\u00e9cialit\u00e9, du moment et du lieu pour chaque individu. Dans certains cas, les candidats peuvent m\u00eame choisir le pays employeur.<\/p>\n<\/div>\n\t\t\t\t<\/div>\n\t\t\t\t\t\t\t<div class=\"elementor-accordion-item\">\n\t\t\t\t\t<div id=\"elementor-tab-title-1603\" class=\"elementor-tab-title\" data-tab=\"3\" role=\"button\" aria-controls=\"elementor-tab-content-1603\" aria-expanded=\"false\">\n\t\t\t\t\t\t\t\t\t\t\t\t\t<span class=\"elementor-accordion-icon elementor-accordion-icon-left\" aria-hidden=\"true\">\n\t\t\t\t\t\t\t\t\t\t\t\t\t\t\t<span class=\"elementor-accordion-icon-closed\"><i class=\"fas fa-plus\"><\/i><\/span>\n\t\t\t\t\t\t\t\t<span class=\"elementor-accordion-icon-opened\"><i class=\"fas fa-minus\"><\/i><\/span>\n\t\t\t\t\t\t\t\t\t\t\t\t\t\t<\/span>\n\t\t\t\t\t\t\t\t\t\t\t\t<a class=\"elementor-accordion-title\" tabindex=\"0\">3. Avec qui mon contrat sera-t-il sign\u00e9 ?<\/a>\n\t\t\t\t\t<\/div>\n\t\t\t\t\t<div id=\"elementor-tab-content-1603\" class=\"elementor-tab-content elementor-clearfix\" data-tab=\"3\" role=\"region\" aria-labelledby=\"elementor-tab-title-1603\"><p>Les contrats de tous les artistes, employ\u00e9s et stagiaires sont \u00e9tablis avec le responsable de l\u2019\u00e9quipe. L\u2019\u00e9quipe agit comme un contractant dans le pays employeur en utilisant les installations fournies. Le responsable de l\u2019\u00e9quipe assume l\u2019enti\u00e8re responsabilit\u00e9 de toutes les questions li\u00e9es au personnel. Les d\u00e9tails des installations du pays employeur et des avantages offerts par l\u2019\u00e9quipe Firouzi sont r\u00e9pertori\u00e9s dans la section \u00ab Avantages de rejoindre l\u2019\u00e9quipe \u00bb du site web.  <\/p>\n<\/div>\n\t\t\t\t<\/div>\n\t\t\t\t\t\t\t<div class=\"elementor-accordion-item\">\n\t\t\t\t\t<div id=\"elementor-tab-title-1604\" class=\"elementor-tab-title\" data-tab=\"4\" role=\"button\" aria-controls=\"elementor-tab-content-1604\" aria-expanded=\"false\">\n\t\t\t\t\t\t\t\t\t\t\t\t\t<span class=\"elementor-accordion-icon elementor-accordion-icon-left\" aria-hidden=\"true\">\n\t\t\t\t\t\t\t\t\t\t\t\t\t\t\t<span class=\"elementor-accordion-icon-closed\"><i class=\"fas fa-plus\"><\/i><\/span>\n\t\t\t\t\t\t\t\t<span class=\"elementor-accordion-icon-opened\"><i class=\"fas fa-minus\"><\/i><\/span>\n\t\t\t\t\t\t\t\t\t\t\t\t\t\t<\/span>\n\t\t\t\t\t\t\t\t\t\t\t\t<a class=\"elementor-accordion-title\" tabindex=\"0\">4. Des dipl\u00f4mes universitaires ou techniques sont-ils n\u00e9cessaires pour les sp\u00e9cialit\u00e9s mentionn\u00e9es dans le formulaire d\u2019inscription ?<\/a>\n\t\t\t\t\t<\/div>\n\t\t\t\t\t<div id=\"elementor-tab-content-1604\" class=\"elementor-tab-content elementor-clearfix\" data-tab=\"4\" role=\"region\" aria-labelledby=\"elementor-tab-title-1604\"><p>Au sein de l\u2019\u00e9quipe Firouzi, la cr\u00e9ativit\u00e9 et les comp\u00e9tences sont valoris\u00e9es davantage que les dipl\u00f4mes. Dans la plupart des domaines, la cr\u00e9ativit\u00e9 et les comp\u00e9tences peuvent \u00eatre \u00e9valu\u00e9es, ce qui rend les dipl\u00f4mes inutiles. Cependant, dans certains cas o\u00f9 les comp\u00e9tences ne peuvent pas \u00eatre facilement d\u00e9montr\u00e9es, des qualifications acad\u00e9miques peuvent \u00eatre requises. <\/p>\n<\/div>\n\t\t\t\t<\/div>\n\t\t\t\t\t\t\t<div class=\"elementor-accordion-item\">\n\t\t\t\t\t<div id=\"elementor-tab-title-1605\" class=\"elementor-tab-title\" data-tab=\"5\" role=\"button\" aria-controls=\"elementor-tab-content-1605\" aria-expanded=\"false\">\n\t\t\t\t\t\t\t\t\t\t\t\t\t<span class=\"elementor-accordion-icon elementor-accordion-icon-left\" aria-hidden=\"true\">\n\t\t\t\t\t\t\t\t\t\t\t\t\t\t\t<span class=\"elementor-accordion-icon-closed\"><i class=\"fas fa-plus\"><\/i><\/span>\n\t\t\t\t\t\t\t\t<span class=\"elementor-accordion-icon-opened\"><i class=\"fas fa-minus\"><\/i><\/span>\n\t\t\t\t\t\t\t\t\t\t\t\t\t\t<\/span>\n\t\t\t\t\t\t\t\t\t\t\t\t<a class=\"elementor-accordion-title\" tabindex=\"0\">5. Comment et pourquoi les conf\u00e9rences vid\u00e9o sont-elles organis\u00e9es ?<\/a>\n\t\t\t\t\t<\/div>\n\t\t\t\t\t<div id=\"elementor-tab-content-1605\" class=\"elementor-tab-content elementor-clearfix\" data-tab=\"5\" role=\"region\" aria-labelledby=\"elementor-tab-title-1605\"><p>Les conf\u00e9rences vid\u00e9o sont organis\u00e9es avec environ 10 candidats et le personnel de recrutement, sous la supervision du responsable de l\u2019\u00e9quipe. Ces discussions permettent aux candidats de mieux comprendre les pr\u00e9occupations des autres et de partager les sessions avec leur avocat ou leur tuteur, ce qui acc\u00e9l\u00e8re la r\u00e9daction des contrats. Les d\u00e9tails et la coordination des conf\u00e9rences vid\u00e9o sont communiqu\u00e9s via le t\u00e9l\u00e9phone fixe du bureau de l\u2019\u00e9quipe.<\/p>\n<\/div>\n\t\t\t\t<\/div>\n\t\t\t\t\t\t\t<div class=\"elementor-accordion-item\">\n\t\t\t\t\t<div id=\"elementor-tab-title-1606\" class=\"elementor-tab-title\" data-tab=\"6\" role=\"button\" aria-controls=\"elementor-tab-content-1606\" aria-expanded=\"false\">\n\t\t\t\t\t\t\t\t\t\t\t\t\t<span class=\"elementor-accordion-icon elementor-accordion-icon-left\" aria-hidden=\"true\">\n\t\t\t\t\t\t\t\t\t\t\t\t\t\t\t<span class=\"elementor-accordion-icon-closed\"><i class=\"fas fa-plus\"><\/i><\/span>\n\t\t\t\t\t\t\t\t<span class=\"elementor-accordion-icon-opened\"><i class=\"fas fa-minus\"><\/i><\/span>\n\t\t\t\t\t\t\t\t\t\t\t\t\t\t<\/span>\n\t\t\t\t\t\t\t\t\t\t\t\t<a class=\"elementor-accordion-title\" tabindex=\"0\">6. Quels sont les horaires de travail, les politiques de cong\u00e9s et les dispositions d\u2019h\u00e9bergement dans le pays employeur ?<\/a>\n\t\t\t\t\t<\/div>\n\t\t\t\t\t<div id=\"elementor-tab-content-1606\" class=\"elementor-tab-content elementor-clearfix\" data-tab=\"6\" role=\"region\" aria-labelledby=\"elementor-tab-title-1606\"><p>La cr\u00e9ation artistique professionnelle n\u00e9cessite des conditions mentales et \u00e9motionnelles id\u00e9ales. L\u2019\u00e9quipe accorde une grande importance \u00e0 cela en permettant aux artistes et aux superviseurs de concevoir des horaires de travail, de loisirs et de cong\u00e9s optimaux. Des psychologues exp\u00e9riment\u00e9s sont \u00e9galement impliqu\u00e9s pour garantir un environnement positif.  <\/p>\n<\/div>\n\t\t\t\t<\/div>\n\t\t\t\t\t\t\t<div class=\"elementor-accordion-item\">\n\t\t\t\t\t<div id=\"elementor-tab-title-1607\" class=\"elementor-tab-title\" data-tab=\"7\" role=\"button\" aria-controls=\"elementor-tab-content-1607\" aria-expanded=\"false\">\n\t\t\t\t\t\t\t\t\t\t\t\t\t<span class=\"elementor-accordion-icon elementor-accordion-icon-left\" aria-hidden=\"true\">\n\t\t\t\t\t\t\t\t\t\t\t\t\t\t\t<span class=\"elementor-accordion-icon-closed\"><i class=\"fas fa-plus\"><\/i><\/span>\n\t\t\t\t\t\t\t\t<span class=\"elementor-accordion-icon-opened\"><i class=\"fas fa-minus\"><\/i><\/span>\n\t\t\t\t\t\t\t\t\t\t\t\t\t\t<\/span>\n\t\t\t\t\t\t\t\t\t\t\t\t<a class=\"elementor-accordion-title\" tabindex=\"0\">7. Comment les frais de voyage et d\u2019h\u00e9bergement pour les artistes et le personnel dans le pays employeur sont-ils couverts ?<\/a>\n\t\t\t\t\t<\/div>\n\t\t\t\t\t<div id=\"elementor-tab-content-1607\" class=\"elementor-tab-content elementor-clearfix\" data-tab=\"7\" role=\"region\" aria-labelledby=\"elementor-tab-title-1607\"><p>Tous les frais de voyage et d\u2019h\u00e9bergement sont pris en charge par l\u2019\u00e9quipe. Le personnel est log\u00e9 dans un h\u00f4tel-pension d\u00e9sign\u00e9 par l\u2019\u00e9quipe, s\u00e9curis\u00e9 et \u00e9quip\u00e9 pour accueillir des couples mari\u00e9s ainsi que des services de garde d\u2019enfants pour les enfants de moins de six ans.<br \/>Plus de 90 % du personnel est compos\u00e9 de femmes, et tous les hommes sont mari\u00e9s et vivent avec leur famille dans la section r\u00e9serv\u00e9e aux familles. Les employ\u00e9s c\u00e9libataires ayant des tuteurs peuvent inviter gratuitement un membre de leur famille pour une visite afin de garantir leur s\u00e9curit\u00e9.    <\/p>\n<\/div>\n\t\t\t\t<\/div>\n\t\t\t\t\t\t\t<div class=\"elementor-accordion-item\">\n\t\t\t\t\t<div id=\"elementor-tab-title-1608\" class=\"elementor-tab-title\" data-tab=\"8\" role=\"button\" aria-controls=\"elementor-tab-content-1608\" aria-expanded=\"false\">\n\t\t\t\t\t\t\t\t\t\t\t\t\t<span class=\"elementor-accordion-icon elementor-accordion-icon-left\" aria-hidden=\"true\">\n\t\t\t\t\t\t\t\t\t\t\t\t\t\t\t<span class=\"elementor-accordion-icon-closed\"><i class=\"fas fa-plus\"><\/i><\/span>\n\t\t\t\t\t\t\t\t<span class=\"elementor-accordion-icon-opened\"><i class=\"fas fa-minus\"><\/i><\/span>\n\t\t\t\t\t\t\t\t\t\t\t\t\t\t<\/span>\n\t\t\t\t\t\t\t\t\t\t\t\t<a class=\"elementor-accordion-title\" tabindex=\"0\">8. Pourquoi n\u2019est-il pas possible de rencontrer le personnel de recrutement avant les conf\u00e9rences vid\u00e9o ?<\/a>\n\t\t\t\t\t<\/div>\n\t\t\t\t\t<div id=\"elementor-tab-content-1608\" class=\"elementor-tab-content elementor-clearfix\" data-tab=\"8\" role=\"region\" aria-labelledby=\"elementor-tab-title-1608\"><p>\u2022 Premi\u00e8rement : Cela garantit la conduite professionnelle et la confiance \u00e9tablies pr\u00e9c\u00e9demment.<\/p>\n<p>\u2022 Deuxi\u00e8mement : En raison du grand nombre de candidats, l\u2019\u00e9quipe se concentre sur l\u2019organisation et l\u2019efficacit\u00e9. Ainsi, seuls les candidats s\u00e9lectionn\u00e9s apr\u00e8s les conf\u00e9rences vid\u00e9o pourront visiter le bureau pour signer le contrat final <\/p>\n<\/div>\n\t\t\t\t<\/div>\n\t\t\t\t\t\t\t\t<\/div>\n\t\t\t\t<\/div>\n\t\t\t\t<\/div>\n\t\t\t\t\t<\/div>\n\t\t<\/div>\n\t\t\t\t\t<\/div>\n\t\t<\/section>\n\t\t\t\t<\/div>\n\t\t","protected":false},"excerpt":{"rendered":"<p>Questions Fr\u00e9quemment Pos\u00e9es pour les Candidats \u00e0 l\u2019Emploi 1. Comment puis-je vous faire confiance ? Avec la demande croissante d\u2019immigration et d\u2019obtention de visas de travail \u00e0 l\u2019\u00e9tranger, il est naturel d\u2019\u00eatre pr\u00e9occup\u00e9 par les activit\u00e9s frauduleuses ou non fiables. C\u2019est pourquoi je vous encourage \u00e0 examiner attentivement ce site web, en particulier la section [&hellip;]<\/p>\n","protected":false},"author":2,"featured_media":0,"parent":0,"menu_order":0,"comment_status":"closed","ping_status":"closed","template":"","meta":{"site-sidebar-layout":"no-sidebar","site-content-layout":"page-builder","ast-site-content-layout":"full-width-container","site-content-style":"default","site-sidebar-style":"default","ast-global-header-display":"","ast-banner-title-visibility":"","ast-main-header-display":"","ast-hfb-above-header-display":"","ast-hfb-below-header-display":"","ast-hfb-mobile-header-display":"","site-post-title":"disabled","ast-breadcrumbs-content":"","ast-featured-img":"disabled","footer-sml-layout":"","theme-transparent-header-meta":"","adv-header-id-meta":"","stick-header-meta":"","header-above-stick-meta":"","header-main-stick-meta":"","header-below-stick-meta":"","astra-migrate-meta-layouts":"default","ast-page-background-enabled":"default","ast-page-background-meta":{"desktop":{"background-color":"","background-image":"","background-repeat":"repeat","background-position":"center center","background-size":"auto","background-attachment":"scroll","background-type":"","background-media":"","overlay-type":"","overlay-color":"","overlay-opacity":"","overlay-gradient":""},"tablet":{"background-color":"","background-image":"","background-repeat":"repeat","background-position":"center center","background-size":"auto","background-attachment":"scroll","background-type":"","background-media":"","overlay-type":"","overlay-color":"","overlay-opacity":"","overlay-gradient":""},"mobile":{"background-color":"","background-image":"","background-repeat":"repeat","background-position":"center center","background-size":"auto","background-attachment":"scroll","background-type":"","background-media":"","overlay-type":"","overlay-color":"","overlay-opacity":"","overlay-gradient":""}},"ast-content-background-meta":{"desktop":{"background-color":"var(--ast-global-color-5)","background-image":"","background-repeat":"repeat","background-position":"center center","background-size":"auto","background-attachment":"scroll","background-type":"","background-media":"","overlay-type":"","overlay-color":"","overlay-opacity":"","overlay-gradient":""},"tablet":{"background-color":"var(--ast-global-color-5)","background-image":"","background-repeat":"repeat","background-position":"center center","background-size":"auto","background-attachment":"scroll","background-type":"","background-media":"","overlay-type":"","overlay-color":"","overlay-opacity":"","overlay-gradient":""},"mobile":{"background-color":"var(--ast-global-color-5)","background-image":"","background-repeat":"repeat","background-position":"center center","background-size":"auto","background-attachment":"scroll","background-type":"","background-media":"","overlay-type":"","overlay-color":"","overlay-opacity":"","overlay-gradient":""}},"footnotes":""},"class_list":["post-2505","page","type-page","status-publish","hentry"],"uagb_featured_image_src":{"full":false,"thumbnail":false,"medium":false,"medium_large":false,"large":false,"1536x1536":false,"2048x2048":false},"uagb_author_info":{"display_name":"fz@admin","author_link":"https:\/\/firouziart.com\/fr\/author\/fzadmin\/"},"uagb_comment_info":0,"uagb_excerpt":"Questions Fr\u00e9quemment Pos\u00e9es pour les Candidats \u00e0 l\u2019Emploi 1. Comment puis-je vous faire confiance ? Avec la demande croissante d\u2019immigration et d\u2019obtention de visas de travail \u00e0 l\u2019\u00e9tranger, il est naturel d\u2019\u00eatre pr\u00e9occup\u00e9 par les activit\u00e9s frauduleuses ou non fiables. C\u2019est pourquoi je vous encourage \u00e0 examiner attentivement ce site web, en particulier la section\u2026","_links":{"self":[{"href":"https:\/\/firouziart.com\/fr\/wp-json\/wp\/v2\/pages\/2505","targetHints":{"allow":["GET"]}}],"collection":[{"href":"https:\/\/firouziart.com\/fr\/wp-json\/wp\/v2\/pages"}],"about":[{"href":"https:\/\/firouziart.com\/fr\/wp-json\/wp\/v2\/types\/page"}],"author":[{"embeddable":true,"href":"https:\/\/firouziart.com\/fr\/wp-json\/wp\/v2\/users\/2"}],"replies":[{"embeddable":true,"href":"https:\/\/firouziart.com\/fr\/wp-json\/wp\/v2\/comments?post=2505"}],"version-history":[{"count":4,"href":"https:\/\/firouziart.com\/fr\/wp-json\/wp\/v2\/pages\/2505\/revisions"}],"predecessor-version":[{"id":2682,"href":"https:\/\/firouziart.com\/fr\/wp-json\/wp\/v2\/pages\/2505\/revisions\/2682"}],"wp:attachment":[{"href":"https:\/\/firouziart.com\/fr\/wp-json\/wp\/v2\/media?parent=2505"}],"curies":[{"name":"wp","href":"https:\/\/api.w.org\/{rel}","templated":true}]}}