{"id":2501,"date":"2018-04-11T13:30:34","date_gmt":"2018-04-11T09:00:34","guid":{"rendered":"https:\/\/firouzi.team\/message-du-directeur-a-linvestisseur-estime\/"},"modified":"2025-02-03T20:56:08","modified_gmt":"2025-02-03T17:26:08","slug":"message-du-directeur-a-linvestisseur-estime","status":"publish","type":"page","link":"https:\/\/firouziart.com\/fr\/message-du-directeur-a-linvestisseur-estime\/","title":{"rendered":"Message du directeur \u00e0 l\u2019investisseur estim\u00e9"},"content":{"rendered":"\t\t<div data-elementor-type=\"wp-post\" data-elementor-id=\"2501\" class=\"elementor elementor-2501 elementor-1155\" data-elementor-post-type=\"page\">\n\t\t\t\t\t\t<section class=\"elementor-section elementor-top-section elementor-element elementor-element-701e5fb elementor-section-content-middle elementor-section-boxed elementor-section-height-default elementor-section-height-default\" data-id=\"701e5fb\" data-element_type=\"section\" data-settings=\"{&quot;background_background&quot;:&quot;classic&quot;}\">\n\t\t\t\t\t\t\t<div class=\"elementor-background-overlay\"><\/div>\n\t\t\t\t\t\t\t<div class=\"elementor-container elementor-column-gap-wider\">\n\t\t\t\t\t<div class=\"elementor-column elementor-col-100 elementor-top-column elementor-element elementor-element-e027ee9\" data-id=\"e027ee9\" data-element_type=\"column\">\n\t\t\t<div class=\"elementor-widget-wrap elementor-element-populated\">\n\t\t\t\t\t\t<div class=\"elementor-element elementor-element-f00dccf elementor-widget elementor-widget-heading\" data-id=\"f00dccf\" data-element_type=\"widget\" data-widget_type=\"heading.default\">\n\t\t\t\t<div class=\"elementor-widget-container\">\n\t\t\t<h2 class=\"elementor-heading-title elementor-size-default\">Collaboration de l\u2019\u00e9quipe Firouzi avec les investisseurs et les galeries<\/h2>\t\t<\/div>\n\t\t\t\t<\/div>\n\t\t\t\t\t<\/div>\n\t\t<\/div>\n\t\t\t\t\t<\/div>\n\t\t<\/section>\n\t\t\t\t<section class=\"elementor-section elementor-top-section elementor-element elementor-element-67b4b85 elementor-section-boxed elementor-section-height-default elementor-section-height-default\" data-id=\"67b4b85\" data-element_type=\"section\">\n\t\t\t\t\t\t<div class=\"elementor-container elementor-column-gap-default\">\n\t\t\t\t\t<div class=\"elementor-column elementor-col-100 elementor-top-column elementor-element elementor-element-1185ec5\" data-id=\"1185ec5\" data-element_type=\"column\">\n\t\t\t<div class=\"elementor-widget-wrap elementor-element-populated\">\n\t\t\t\t\t\t<div class=\"elementor-element elementor-element-d1602f5 elementor-widget elementor-widget-html\" data-id=\"d1602f5\" data-element_type=\"widget\" data-widget_type=\"html.default\">\n\t\t\t\t<div class=\"elementor-widget-container\">\n\t\t\t<div id=\"30703228358\"><script type=\"text\/JavaScript\" src=\"https:\/\/www.aparat.com\/embed\/hnp1q2k?data%5Brnddiv%5D=30703228358&amp;data%5Bresponsive%5D=yes&amp;titleShow=true\"><\/script><\/div>\t\t<\/div>\n\t\t\t\t<\/div>\n\t\t\t\t\t<\/div>\n\t\t<\/div>\n\t\t\t\t\t<\/div>\n\t\t<\/section>\n\t\t\t\t<section class=\"elementor-section elementor-top-section elementor-element elementor-element-08934ba elementor-section-content-top elementor-section-boxed elementor-section-height-default elementor-section-height-default\" data-id=\"08934ba\" data-element_type=\"section\" data-settings=\"{&quot;background_background&quot;:&quot;classic&quot;}\">\n\t\t\t\t\t\t\t<div class=\"elementor-background-overlay\"><\/div>\n\t\t\t\t\t\t\t<div class=\"elementor-container elementor-column-gap-wider\">\n\t\t\t\t\t<div class=\"elementor-column elementor-col-100 elementor-top-column elementor-element elementor-element-5a4eca2\" data-id=\"5a4eca2\" data-element_type=\"column\">\n\t\t\t<div class=\"elementor-widget-wrap elementor-element-populated\">\n\t\t\t\t\t\t<div class=\"elementor-element elementor-element-f6b775d elementor-widget elementor-widget-heading\" data-id=\"f6b775d\" data-element_type=\"widget\" data-widget_type=\"heading.default\">\n\t\t\t\t<div class=\"elementor-widget-container\">\n\t\t\t<h2 class=\"elementor-heading-title elementor-size-default\">Message du directeur \u00e0 l\u2019investisseur estim\u00e9<\/h2>\t\t<\/div>\n\t\t\t\t<\/div>\n\t\t\t\t<section class=\"elementor-section elementor-inner-section elementor-element elementor-element-d951162 elementor-section-content-top elementor-section-full_width elementor-section-height-default elementor-section-height-default\" data-id=\"d951162\" data-element_type=\"section\">\n\t\t\t\t\t\t<div class=\"elementor-container elementor-column-gap-no\">\n\t\t\t\t\t<div class=\"elementor-column elementor-col-100 elementor-inner-column elementor-element elementor-element-100b81e\" data-id=\"100b81e\" data-element_type=\"column\">\n\t\t\t<div class=\"elementor-widget-wrap elementor-element-populated\">\n\t\t\t\t\t\t<div class=\"elementor-element elementor-element-e87d18c elementor-widget elementor-widget-text-editor\" data-id=\"e87d18c\" data-element_type=\"widget\" data-widget_type=\"text-editor.default\">\n\t\t\t\t<div class=\"elementor-widget-container\">\n\t\t\t\t\t\t\t<p style=\"text-align: center;\">Message du directeur \u00e0 l\u2019investisseur estim\u00e9<\/p>\n<p style=\"text-align: center;\">Aujourd&rsquo;hui, l&rsquo;intelligence artificielle (IA) se trouve dans une position o\u00f9, combin\u00e9e aux technologies des outils et des machines avanc\u00e9es, elle peut cr\u00e9er facilement et rapidement des merveilles esth\u00e9tiques partout dans le monde. Cette collaboration entre ces trois entit\u00e9s est devenue un concurrent puissant pour les investisseurs et les artistes.<\/p>\n<p style=\"text-align: center;\">Il est probable qu&rsquo;\u00e0 ce stade, deux questions importantes vous viennent \u00e0 l&rsquo;esprit, cher investisseur :<\/p>\n\t\t\t\t\t\t<\/div>\n\t\t\t\t<\/div>\n\t\t\t\t\t<\/div>\n\t\t<\/div>\n\t\t\t\t\t<\/div>\n\t\t<\/section>\n\t\t\t\t<section class=\"elementor-section elementor-inner-section elementor-element elementor-element-cdebd0a elementor-section-content-top elementor-section-full_width elementor-section-height-default elementor-section-height-default\" data-id=\"cdebd0a\" data-element_type=\"section\">\n\t\t\t\t\t\t<div class=\"elementor-container elementor-column-gap-no\">\n\t\t\t\t\t<div class=\"elementor-column elementor-col-100 elementor-inner-column elementor-element elementor-element-bde1ad8\" data-id=\"bde1ad8\" data-element_type=\"column\">\n\t\t\t<div class=\"elementor-widget-wrap elementor-element-populated\">\n\t\t\t\t\t\t<div class=\"elementor-element elementor-element-566d384 elementor-widget elementor-widget-text-editor\" data-id=\"566d384\" data-element_type=\"widget\" data-widget_type=\"text-editor.default\">\n\t\t\t\t<div class=\"elementor-widget-container\">\n\t\t\t\t\t\t\t<p><span style=\"font-size: 16px; font-style: normal; font-weight: 400; color: #ff0000;\">1. L&rsquo;intelligence artificielle peut-elle \u00eatre un concurrent de l\u2019\u00e9quipe Firouzi ?<\/span><\/p>\n<p>Le langage et les mat\u00e9riaux standards partag\u00e9s par ces trois entit\u00e9s (IA, outils et machines) permettent leur interconnexion et la cr\u00e9ation d\u2019\u0153uvres artistiques bas\u00e9es sur des mat\u00e9riaux et des m\u00e9thodes universellement reconnus.<\/p>\n<p>Cependant, au sein de notre \u00e9quipe, les \u0153uvres artistiques sont fabriqu\u00e9es \u00e0 partir de mat\u00e9riaux uniques qui offrent des effets sp\u00e9ciaux in\u00e9galables. Ces mat\u00e9riaux sp\u00e9cifiques, compos\u00e9s de substances chimiques, permettent des styles et des techniques cr\u00e9atifs impossibles \u00e0 reproduire avec les outils et machines actuels. <br \/>Tout comme les r\u00e9actions chimiques varient en fonction du temps, de l\u2019espace, de la temp\u00e9rature et des proportions, le nombre infini de combinaisons possibles rend la conception de machines adapt\u00e9es \u00e0 chaque type de mat\u00e9riau \u00e9conomiquement irr\u00e9aliste. Par ailleurs, seules quelques artistes ma\u00eetrisent ces techniques uniques, fruits d\u2019une exp\u00e9rience approfondie dans la manipulation de ces mat\u00e9riaux complexes.<br \/>Ainsi, je vous assure :<br \/>Dans l\u2019\u00e9quipe Firouzi, l\u2019intelligence artificielle et les deux autres entit\u00e9s ne sont que des outils puissants \u00e0 notre service, et ne peuvent en aucun cas devenir nos concurrents.<\/p>\n\t\t\t\t\t\t<\/div>\n\t\t\t\t<\/div>\n\t\t\t\t\t<\/div>\n\t\t<\/div>\n\t\t\t\t\t<\/div>\n\t\t<\/section>\n\t\t\t\t<section class=\"elementor-section elementor-inner-section elementor-element elementor-element-60a0c5d elementor-section-content-top elementor-section-full_width elementor-section-height-default elementor-section-height-default\" data-id=\"60a0c5d\" data-element_type=\"section\">\n\t\t\t\t\t\t<div class=\"elementor-container elementor-column-gap-no\">\n\t\t\t\t\t<div class=\"elementor-column elementor-col-100 elementor-inner-column elementor-element elementor-element-d95b00a\" data-id=\"d95b00a\" data-element_type=\"column\">\n\t\t\t<div class=\"elementor-widget-wrap elementor-element-populated\">\n\t\t\t\t\t\t<div class=\"elementor-element elementor-element-817cdc7 elementor-widget elementor-widget-text-editor\" data-id=\"817cdc7\" data-element_type=\"widget\" data-widget_type=\"text-editor.default\">\n\t\t\t\t<div class=\"elementor-widget-container\">\n\t\t\t\t\t\t\t<p style=\"text-align: center;\"><span style=\"color: #ff0000;\">2. Pourquoi devriez-vous investir dans l\u2019\u00e9quipe Firouzi ?<\/span><\/p>\n<p>Dans cette \u00e9quipe, une attention particuli\u00e8re a \u00e9t\u00e9 accord\u00e9e \u00e0 un sujet tr\u00e8s important, \u00e0 savoir (l\u2019avenir de l\u2019art), les changements dans les go\u00fbts artistiques et la culture des publics futurs. En r\u00e9sum\u00e9, l\u2019\u0153uvre d\u2019art produite par l\u2019\u00e9quipe Firouzi est cr\u00e9\u00e9e sous forme de sculptures et de bas-reliefs, puis minutieusement peinte par des artistes. En utilisant la lumi\u00e8re et les r\u00e9actions des couleurs, des effets visuels uniques sont g\u00e9n\u00e9r\u00e9s. De plus, la diffusion de musique en harmonie avec l\u2019image et la pulv\u00e9risation instantan\u00e9e de divers parfums renforcent la connexion du spectateur avec l\u2019\u0153uvre d\u2019art. Ici, l\u2019intelligence artificielle identifie le spectateur et, en fonction de ses \u00e9motions, peut ajuster et modifier les r\u00e9actions \u00e9voqu\u00e9es. Elle fournit \u00e9galement une analyse psychologique du spectateur et peut adapter les r\u00e9actions \u00e9motionnelles dans le but d\u2019une th\u00e9rapie psychologique pour les publics.<\/p>\n\t\t\t\t\t\t<\/div>\n\t\t\t\t<\/div>\n\t\t\t\t\t<\/div>\n\t\t<\/div>\n\t\t\t\t\t<\/div>\n\t\t<\/section>\n\t\t\t\t<section class=\"elementor-section elementor-inner-section elementor-element elementor-element-5cba148 elementor-section-content-top elementor-section-full_width elementor-section-height-default elementor-section-height-default\" data-id=\"5cba148\" data-element_type=\"section\">\n\t\t\t\t\t\t<div class=\"elementor-container elementor-column-gap-no\">\n\t\t\t\t\t<div class=\"elementor-column elementor-col-100 elementor-inner-column elementor-element elementor-element-bdc6edb\" data-id=\"bdc6edb\" data-element_type=\"column\">\n\t\t\t<div class=\"elementor-widget-wrap elementor-element-populated\">\n\t\t\t\t\t\t<div class=\"elementor-element elementor-element-62b9a50 elementor-widget elementor-widget-text-editor\" data-id=\"62b9a50\" data-element_type=\"widget\" data-widget_type=\"text-editor.default\">\n\t\t\t\t<div class=\"elementor-widget-container\">\n\t\t\t\t\t\t\t<p style=\"text-align: center;\">En r\u00e9pondant aux questions pr\u00e9c\u00e9dentes, cher investisseur, vous avez pris conscience des points suivants :<\/p>\n<p style=\"text-align: center;\">Premi\u00e8rement : Les \u0153uvres produites gr\u00e2ce \u00e0 l\u2019IA et nos styles artistiques uniques sont innovantes et r\u00e9pondent aux go\u00fbts des g\u00e9n\u00e9rations futures, en abordant des th\u00e8mes vari\u00e9s comme (les grands artistes peintres, le sport et le football, la nature, l\u2019industrie, l\u2019histoire et la culture, l\u2019espace). De plus, nos tableaux artistiques peuvent \u00e9galement servir \u00e0 des fins th\u00e9rapeutiques gr\u00e2ce \u00e0 des r\u00e9actions sp\u00e9cifiques activ\u00e9es par l\u2019IA.<\/p>\n<p style=\"text-align: center;\">Deuxi\u00e8mement, on peut dire que le seul concurrent de cette \u00e9quipe experte et professionnelle r\u00e9side dans les techniques et styles que les ma\u00eetres artistes de l&rsquo;\u00e9quipe eux-m\u00eames s&rsquo;efforcent de d\u00e9couvrir jour et nuit.<\/p>\n<p style=\"text-align: center;\">Troisi\u00e8mement, m\u00eame si vous supprimez tous les effets de lumi\u00e8re, de son et de technologie d\u2019intelligence artificielle, les \u0153uvres d\u2019art produites par l\u2019\u00e9quipe Firouzi restent en elles-m\u00eames extr\u00eamement pr\u00e9cieuses, dot\u00e9es d\u2019une valeur mat\u00e9rielle et spirituelle unique. Dans cette collection, chaque cr\u00e9ation artistique est produite une seule fois, et sa propri\u00e9t\u00e9 exclusive est accord\u00e9e \u00e0 l\u2019investisseur.<\/p>\n<p style=\"text-align: center;\">Au sein de l&rsquo;\u00e9quipe Firouzi, une attention minutieuse est port\u00e9e \u00e0 la reconnaissance et \u00e0 l&rsquo;exploitation des potentiels du travail en \u00e9quipe, gr\u00e2ce \u00e0 une structure organisationnelle rigoureuse et hi\u00e9rarchis\u00e9e, garantissant la protection des secrets et techniques artistiques.<\/p>\n<p>L&rsquo;adh\u00e9sion des artistes repose uniquement sur leur niveau de comp\u00e9tence et de cr\u00e9ativit\u00e9, sans aucune consid\u00e9ration pour la religion ou la nationalit\u00e9.<br \/>Malheureusement, les activit\u00e9s artistiques ont souvent \u00e9t\u00e9 n\u00e9glig\u00e9es par les religieux extr\u00e9mistes et les nationalistes fanatiques, ce qui est profond\u00e9ment douloureux.<br \/>Pour cette raison, le directeur de l&rsquo;\u00e9quipe prot\u00e8ge rigoureusement cette organisation de toute influence de pr\u00e9jug\u00e9s nationaux ou religieux. <br \/>Ainsi, les artistes de toutes nationalit\u00e9s peuvent rejoindre cette \u00e9quipe sans subir aucune discrimination.<\/p>\n<p style=\"text-align: center;\">Actuellement, les membres de cette \u00e9quipe, anim\u00e9s par une motivation exceptionnelle, sont pr\u00eats \u00e0 collaborer avec les galeries et les mus\u00e9es int\u00e9ress\u00e9s par l&rsquo;investissement dans l&rsquo;attraction des publics \u00e0 travers l&rsquo;art et l&rsquo;intelligence artificielle (IA). Pour conclure, nous invitons les experts en art \u00e0 visiter nos derni\u00e8res cr\u00e9ations artistiques.<\/p>\n<p style=\"text-align: center;\">Sans aucun doute, vous serez \u00e9merveill\u00e9s par les styles techniques et artistiques de notre \u00e9quipe, ainsi que par la mani\u00e8re dont les effets sp\u00e9ciaux sont cr\u00e9\u00e9s et pr\u00e9sent\u00e9s \u00e0 l&rsquo;aide de l&rsquo;intelligence artificielle.<\/p>\n\t\t\t\t\t\t<\/div>\n\t\t\t\t<\/div>\n\t\t\t\t\t<\/div>\n\t\t<\/div>\n\t\t\t\t\t<\/div>\n\t\t<\/section>\n\t\t\t\t<div class=\"elementor-element elementor-element-3803059 elementor-widget-divider--view-line elementor-widget elementor-widget-divider\" data-id=\"3803059\" data-element_type=\"widget\" data-widget_type=\"divider.default\">\n\t\t\t\t<div class=\"elementor-widget-container\">\n\t\t\t\t\t<div class=\"elementor-divider\">\n\t\t\t<span class=\"elementor-divider-separator\">\n\t\t\t\t\t\t<\/span>\n\t\t<\/div>\n\t\t\t\t<\/div>\n\t\t\t\t<\/div>\n\t\t\t\t<section class=\"elementor-section elementor-inner-section elementor-element elementor-element-492aed0 elementor-section-content-middle elementor-section-boxed elementor-section-height-default elementor-section-height-default\" data-id=\"492aed0\" data-element_type=\"section\">\n\t\t\t\t\t\t<div class=\"elementor-container elementor-column-gap-default\">\n\t\t\t\t\t<div class=\"elementor-column elementor-col-100 elementor-inner-column elementor-element elementor-element-6e8210a\" data-id=\"6e8210a\" data-element_type=\"column\">\n\t\t\t<div class=\"elementor-widget-wrap elementor-element-populated\">\n\t\t\t\t\t\t<div class=\"elementor-element elementor-element-778298a elementor-widget elementor-widget-image-box\" data-id=\"778298a\" data-element_type=\"widget\" data-widget_type=\"image-box.default\">\n\t\t\t\t<div class=\"elementor-widget-container\">\n\t\t\t<div class=\"elementor-image-box-wrapper\"><div class=\"elementor-image-box-content\"><h4 class=\"elementor-image-box-title\">Communication avec le g\u00e9rant :<\/h4><\/div><\/div>\t\t<\/div>\n\t\t\t\t<\/div>\n\t\t\t\t\t<\/div>\n\t\t<\/div>\n\t\t\t\t\t<\/div>\n\t\t<\/section>\n\t\t\t\t<section class=\"elementor-section elementor-inner-section elementor-element elementor-element-227c450 elementor-section-boxed elementor-section-height-default elementor-section-height-default\" data-id=\"227c450\" data-element_type=\"section\">\n\t\t\t\t\t\t<div class=\"elementor-container elementor-column-gap-default\">\n\t\t\t\t\t<div class=\"elementor-column elementor-col-50 elementor-inner-column elementor-element elementor-element-76401b5\" data-id=\"76401b5\" data-element_type=\"column\">\n\t\t\t<div class=\"elementor-widget-wrap elementor-element-populated\">\n\t\t\t\t\t\t<div class=\"elementor-element elementor-element-29875e8 elementor-view-stacked elementor-shape-circle elementor-widget elementor-widget-icon\" data-id=\"29875e8\" data-element_type=\"widget\" data-widget_type=\"icon.default\">\n\t\t\t\t<div class=\"elementor-widget-container\">\n\t\t\t\t\t<div class=\"elementor-icon-wrapper\">\n\t\t\t<div class=\"elementor-icon\">\n\t\t\t<i aria-hidden=\"true\" class=\"fas fa-mobile-alt\"><\/i>\t\t\t<\/div>\n\t\t<\/div>\n\t\t\t\t<\/div>\n\t\t\t\t<\/div>\n\t\t\t\t\t<\/div>\n\t\t<\/div>\n\t\t\t\t<div class=\"elementor-column elementor-col-50 elementor-inner-column elementor-element elementor-element-6e5d3f0\" data-id=\"6e5d3f0\" data-element_type=\"column\">\n\t\t\t<div class=\"elementor-widget-wrap elementor-element-populated\">\n\t\t\t\t\t\t<div class=\"elementor-element elementor-element-7836cac elementor-view-stacked elementor-shape-circle elementor-widget elementor-widget-icon\" data-id=\"7836cac\" data-element_type=\"widget\" data-widget_type=\"icon.default\">\n\t\t\t\t<div class=\"elementor-widget-container\">\n\t\t\t\t\t<div class=\"elementor-icon-wrapper\">\n\t\t\t<div class=\"elementor-icon\">\n\t\t\t<i aria-hidden=\"true\" class=\"fab fa-whatsapp\"><\/i>\t\t\t<\/div>\n\t\t<\/div>\n\t\t\t\t<\/div>\n\t\t\t\t<\/div>\n\t\t\t\t\t<\/div>\n\t\t<\/div>\n\t\t\t\t\t<\/div>\n\t\t<\/section>\n\t\t\t\t<div class=\"elementor-element elementor-element-9d68809 elementor-widget elementor-widget-text-editor\" data-id=\"9d68809\" data-element_type=\"widget\" data-widget_type=\"text-editor.default\">\n\t\t\t\t<div class=\"elementor-widget-container\">\n\t\t\t\t\t\t\t<h4 style=\"text-align: center;\">Num\u00e9ro de contact du responsable et WhatsApp :<\/h4><h4 style=\"text-align: center;\">(0098) 913-240-3780\u00a0<\/h4>\t\t\t\t\t\t<\/div>\n\t\t\t\t<\/div>\n\t\t\t\t<div class=\"elementor-element elementor-element-bce5022 elementor-view-stacked elementor-shape-circle elementor-widget elementor-widget-icon\" data-id=\"bce5022\" data-element_type=\"widget\" data-widget_type=\"icon.default\">\n\t\t\t\t<div class=\"elementor-widget-container\">\n\t\t\t\t\t<div class=\"elementor-icon-wrapper\">\n\t\t\t<div class=\"elementor-icon\">\n\t\t\t<i aria-hidden=\"true\" class=\"far fa-envelope-open\"><\/i>\t\t\t<\/div>\n\t\t<\/div>\n\t\t\t\t<\/div>\n\t\t\t\t<\/div>\n\t\t\t\t<div class=\"elementor-element elementor-element-6d1180a elementor-widget elementor-widget-text-editor\" data-id=\"6d1180a\" data-element_type=\"widget\" data-widget_type=\"text-editor.default\">\n\t\t\t\t<div class=\"elementor-widget-container\">\n\t\t\t\t\t\t\t<h4 style=\"text-align: center;\">E-mail<\/h4>\n<h3 style=\"text-align: center;\">FirouziTeam@gmail.com<\/h3>\n\t\t\t\t\t\t<\/div>\n\t\t\t\t<\/div>\n\t\t\t\t\t<\/div>\n\t\t<\/div>\n\t\t\t\t\t<\/div>\n\t\t<\/section>\n\t\t\t\t<\/div>\n\t\t","protected":false},"excerpt":{"rendered":"<p>Collaboration de l\u2019\u00e9quipe Firouzi avec les investisseurs et les galeries Message du directeur \u00e0 l\u2019investisseur estim\u00e9 Message du directeur \u00e0 l\u2019investisseur estim\u00e9 Aujourd&rsquo;hui, l&rsquo;intelligence artificielle (IA) se trouve dans une position o\u00f9, combin\u00e9e aux technologies des outils et des machines avanc\u00e9es, elle peut cr\u00e9er facilement et rapidement des merveilles esth\u00e9tiques partout dans le monde. Cette [&hellip;]<\/p>\n","protected":false},"author":1,"featured_media":0,"parent":0,"menu_order":0,"comment_status":"closed","ping_status":"closed","template":"","meta":{"site-sidebar-layout":"no-sidebar","site-content-layout":"page-builder","ast-site-content-layout":"","site-content-style":"default","site-sidebar-style":"default","ast-global-header-display":"","ast-banner-title-visibility":"","ast-main-header-display":"","ast-hfb-above-header-display":"","ast-hfb-below-header-display":"","ast-hfb-mobile-header-display":"","site-post-title":"disabled","ast-breadcrumbs-content":"","ast-featured-img":"disabled","footer-sml-layout":"","theme-transparent-header-meta":"enabled","adv-header-id-meta":"","stick-header-meta":"default","header-above-stick-meta":"","header-main-stick-meta":"","header-below-stick-meta":"","astra-migrate-meta-layouts":"default","ast-page-background-enabled":"default","ast-page-background-meta":{"desktop":{"background-color":"","background-image":"","background-repeat":"repeat","background-position":"center center","background-size":"auto","background-attachment":"scroll","background-type":"","background-media":"","overlay-type":"","overlay-color":"","overlay-opacity":"","overlay-gradient":""},"tablet":{"background-color":"","background-image":"","background-repeat":"repeat","background-position":"center center","background-size":"auto","background-attachment":"scroll","background-type":"","background-media":"","overlay-type":"","overlay-color":"","overlay-opacity":"","overlay-gradient":""},"mobile":{"background-color":"","background-image":"","background-repeat":"repeat","background-position":"center center","background-size":"auto","background-attachment":"scroll","background-type":"","background-media":"","overlay-type":"","overlay-color":"","overlay-opacity":"","overlay-gradient":""}},"ast-content-background-meta":{"desktop":{"background-color":"var(--ast-global-color-5)","background-image":"","background-repeat":"repeat","background-position":"center center","background-size":"auto","background-attachment":"scroll","background-type":"","background-media":"","overlay-type":"","overlay-color":"","overlay-opacity":"","overlay-gradient":""},"tablet":{"background-color":"var(--ast-global-color-5)","background-image":"","background-repeat":"repeat","background-position":"center center","background-size":"auto","background-attachment":"scroll","background-type":"","background-media":"","overlay-type":"","overlay-color":"","overlay-opacity":"","overlay-gradient":""},"mobile":{"background-color":"var(--ast-global-color-5)","background-image":"","background-repeat":"repeat","background-position":"center center","background-size":"auto","background-attachment":"scroll","background-type":"","background-media":"","overlay-type":"","overlay-color":"","overlay-opacity":"","overlay-gradient":""}},"footnotes":""},"class_list":["post-2501","page","type-page","status-publish","hentry"],"uagb_featured_image_src":{"full":false,"thumbnail":false,"medium":false,"medium_large":false,"large":false,"1536x1536":false,"2048x2048":false},"uagb_author_info":{"display_name":"astra","author_link":"https:\/\/firouziart.com\/fr\/author\/astra\/"},"uagb_comment_info":0,"uagb_excerpt":"Collaboration de l\u2019\u00e9quipe Firouzi avec les investisseurs et les galeries Message du directeur \u00e0 l\u2019investisseur estim\u00e9 Message du directeur \u00e0 l\u2019investisseur estim\u00e9 Aujourd&rsquo;hui, l&rsquo;intelligence artificielle (IA) se trouve dans une position o\u00f9, combin\u00e9e aux technologies des outils et des machines avanc\u00e9es, elle peut cr\u00e9er facilement et rapidement des merveilles esth\u00e9tiques partout dans le monde. Cette\u2026","_links":{"self":[{"href":"https:\/\/firouziart.com\/fr\/wp-json\/wp\/v2\/pages\/2501","targetHints":{"allow":["GET"]}}],"collection":[{"href":"https:\/\/firouziart.com\/fr\/wp-json\/wp\/v2\/pages"}],"about":[{"href":"https:\/\/firouziart.com\/fr\/wp-json\/wp\/v2\/types\/page"}],"author":[{"embeddable":true,"href":"https:\/\/firouziart.com\/fr\/wp-json\/wp\/v2\/users\/1"}],"replies":[{"embeddable":true,"href":"https:\/\/firouziart.com\/fr\/wp-json\/wp\/v2\/comments?post=2501"}],"version-history":[{"count":15,"href":"https:\/\/firouziart.com\/fr\/wp-json\/wp\/v2\/pages\/2501\/revisions"}],"predecessor-version":[{"id":2829,"href":"https:\/\/firouziart.com\/fr\/wp-json\/wp\/v2\/pages\/2501\/revisions\/2829"}],"wp:attachment":[{"href":"https:\/\/firouziart.com\/fr\/wp-json\/wp\/v2\/media?parent=2501"}],"curies":[{"name":"wp","href":"https:\/\/api.w.org\/{rel}","templated":true}]}}