{"id":2519,"date":"2025-01-12T21:43:04","date_gmt":"2025-01-12T18:13:04","guid":{"rendered":"https:\/\/firouzi.team\/anmeldeformular\/"},"modified":"2025-01-25T12:41:22","modified_gmt":"2025-01-25T09:11:22","slug":"anmeldeformular","status":"publish","type":"page","link":"https:\/\/firouziart.com\/de\/anmeldeformular\/","title":{"rendered":"Anmeldeformular"},"content":{"rendered":"\t\t<div data-elementor-type=\"wp-page\" data-elementor-id=\"2519\" class=\"elementor elementor-2519 elementor-1843\" data-elementor-post-type=\"page\">\n\t\t\t\t\t\t<section class=\"elementor-section elementor-top-section elementor-element elementor-element-fa1fa06 elementor-section-boxed elementor-section-height-default elementor-section-height-default\" data-id=\"fa1fa06\" data-element_type=\"section\">\n\t\t\t\t\t\t<div class=\"elementor-container elementor-column-gap-default\">\n\t\t\t\t\t<div class=\"elementor-column elementor-col-100 elementor-top-column elementor-element elementor-element-4e1afc3\" data-id=\"4e1afc3\" data-element_type=\"column\">\n\t\t\t<div class=\"elementor-widget-wrap elementor-element-populated\">\n\t\t\t\t\t\t<div class=\"elementor-element elementor-element-2202b41 elementor-widget elementor-widget-text-editor\" data-id=\"2202b41\" data-element_type=\"widget\" data-widget_type=\"text-editor.default\">\n\t\t\t\t<div class=\"elementor-widget-container\">\n\t\t\t\t\t\t\t<h4>Um das Anmeldeformular auszuf\u00fcllen, klicken Sie auf die Schaltfl\u00e4che unten, f\u00fcllen Sie das Formular aus und klicken Sie auf die Schaltfl\u00e4che Senden.<\/h4>\n\t\t\t\t\t\t<\/div>\n\t\t\t\t<\/div>\n\t\t\t\t\t<\/div>\n\t\t<\/div>\n\t\t\t\t\t<\/div>\n\t\t<\/section>\n\t\t\t\t<section class=\"elementor-section elementor-top-section elementor-element elementor-element-5520484 elementor-section-boxed elementor-section-height-default elementor-section-height-default\" data-id=\"5520484\" data-element_type=\"section\">\n\t\t\t\t\t\t<div class=\"elementor-container elementor-column-gap-default\">\n\t\t\t\t\t<div class=\"elementor-column elementor-col-100 elementor-top-column elementor-element elementor-element-2217658\" data-id=\"2217658\" data-element_type=\"column\">\n\t\t\t<div class=\"elementor-widget-wrap elementor-element-populated\">\n\t\t\t\t\t\t<div class=\"elementor-element elementor-element-9e0290c elementor-button-success elementor-align-center elementor-widget elementor-widget-button\" data-id=\"9e0290c\" data-element_type=\"widget\" data-widget_type=\"button.default\">\n\t\t\t\t<div class=\"elementor-widget-container\">\n\t\t\t\t\t\t\t<div class=\"elementor-button-wrapper\">\n\t\t\t\t\t<a class=\"elementor-button elementor-button-link elementor-size-sm\" href=\"https:\/\/forms.gle\/hJzKFrBef3vvUcaA7\">\n\t\t\t\t\t\t<span class=\"elementor-button-content-wrapper\">\n\t\t\t\t\t\t<span class=\"elementor-button-icon\">\n\t\t\t\t<i aria-hidden=\"true\" class=\"fab fa-wpforms\"><\/i>\t\t\t<\/span>\n\t\t\t\t\t\t\t\t\t<span class=\"elementor-button-text\">Anmeldeformular<\/span>\n\t\t\t\t\t<\/span>\n\t\t\t\t\t<\/a>\n\t\t\t\t<\/div>\n\t\t\t\t\t\t<\/div>\n\t\t\t\t<\/div>\n\t\t\t\t\t<\/div>\n\t\t<\/div>\n\t\t\t\t\t<\/div>\n\t\t<\/section>\n\t\t\t\t<\/div>\n\t\t","protected":false},"excerpt":{"rendered":"<p>Um das Anmeldeformular auszuf\u00fcllen, klicken Sie auf die Schaltfl\u00e4che unten, f\u00fcllen Sie das Formular aus und klicken Sie auf die Schaltfl\u00e4che Senden. Anmeldeformular<\/p>\n","protected":false},"author":2,"featured_media":0,"parent":0,"menu_order":0,"comment_status":"closed","ping_status":"closed","template":"","meta":{"site-sidebar-layout":"no-sidebar","site-content-layout":"page-builder","ast-site-content-layout":"full-width-container","site-content-style":"default","site-sidebar-style":"default","ast-global-header-display":"","ast-banner-title-visibility":"","ast-main-header-display":"","ast-hfb-above-header-display":"","ast-hfb-below-header-display":"","ast-hfb-mobile-header-display":"","site-post-title":"disabled","ast-breadcrumbs-content":"","ast-featured-img":"disabled","footer-sml-layout":"","theme-transparent-header-meta":"","adv-header-id-meta":"","stick-header-meta":"","header-above-stick-meta":"","header-main-stick-meta":"","header-below-stick-meta":"","astra-migrate-meta-layouts":"default","ast-page-background-enabled":"default","ast-page-background-meta":{"desktop":{"background-color":"","background-image":"","background-repeat":"repeat","background-position":"center center","background-size":"auto","background-attachment":"scroll","background-type":"","background-media":"","overlay-type":"","overlay-color":"","overlay-opacity":"","overlay-gradient":""},"tablet":{"background-color":"","background-image":"","background-repeat":"repeat","background-position":"center center","background-size":"auto","background-attachment":"scroll","background-type":"","background-media":"","overlay-type":"","overlay-color":"","overlay-opacity":"","overlay-gradient":""},"mobile":{"background-color":"","background-image":"","background-repeat":"repeat","background-position":"center center","background-size":"auto","background-attachment":"scroll","background-type":"","background-media":"","overlay-type":"","overlay-color":"","overlay-opacity":"","overlay-gradient":""}},"ast-content-background-meta":{"desktop":{"background-color":"var(--ast-global-color-5)","background-image":"","background-repeat":"repeat","background-position":"center center","background-size":"auto","background-attachment":"scroll","background-type":"","background-media":"","overlay-type":"","overlay-color":"","overlay-opacity":"","overlay-gradient":""},"tablet":{"background-color":"var(--ast-global-color-5)","background-image":"","background-repeat":"repeat","background-position":"center center","background-size":"auto","background-attachment":"scroll","background-type":"","background-media":"","overlay-type":"","overlay-color":"","overlay-opacity":"","overlay-gradient":""},"mobile":{"background-color":"var(--ast-global-color-5)","background-image":"","background-repeat":"repeat","background-position":"center center","background-size":"auto","background-attachment":"scroll","background-type":"","background-media":"","overlay-type":"","overlay-color":"","overlay-opacity":"","overlay-gradient":""}},"footnotes":""},"class_list":["post-2519","page","type-page","status-publish","hentry"],"uagb_featured_image_src":{"full":false,"thumbnail":false,"medium":false,"medium_large":false,"large":false,"1536x1536":false,"2048x2048":false},"uagb_author_info":{"display_name":"fz@admin","author_link":"https:\/\/firouziart.com\/de\/author\/fzadmin\/"},"uagb_comment_info":0,"uagb_excerpt":"Um das Anmeldeformular auszuf\u00fcllen, klicken Sie auf die Schaltfl\u00e4che unten, f\u00fcllen Sie das Formular aus und klicken Sie auf die Schaltfl\u00e4che Senden. Anmeldeformular","_links":{"self":[{"href":"https:\/\/firouziart.com\/de\/wp-json\/wp\/v2\/pages\/2519","targetHints":{"allow":["GET"]}}],"collection":[{"href":"https:\/\/firouziart.com\/de\/wp-json\/wp\/v2\/pages"}],"about":[{"href":"https:\/\/firouziart.com\/de\/wp-json\/wp\/v2\/types\/page"}],"author":[{"embeddable":true,"href":"https:\/\/firouziart.com\/de\/wp-json\/wp\/v2\/users\/2"}],"replies":[{"embeddable":true,"href":"https:\/\/firouziart.com\/de\/wp-json\/wp\/v2\/comments?post=2519"}],"version-history":[{"count":1,"href":"https:\/\/firouziart.com\/de\/wp-json\/wp\/v2\/pages\/2519\/revisions"}],"predecessor-version":[{"id":2520,"href":"https:\/\/firouziart.com\/de\/wp-json\/wp\/v2\/pages\/2519\/revisions\/2520"}],"wp:attachment":[{"href":"https:\/\/firouziart.com\/de\/wp-json\/wp\/v2\/media?parent=2519"}],"curies":[{"name":"wp","href":"https:\/\/api.w.org\/{rel}","templated":true}]}}