{"id":2515,"date":"2018-04-11T13:31:24","date_gmt":"2018-04-11T09:01:24","guid":{"rendered":"https:\/\/firouzi.team\/der-eid-und-vertrag-des-managers\/"},"modified":"2025-01-30T17:41:11","modified_gmt":"2025-01-30T14:11:11","slug":"der-eid-und-vertrag-des-managers","status":"publish","type":"page","link":"https:\/\/firouziart.com\/de\/der-eid-und-vertrag-des-managers\/","title":{"rendered":"Der Eid und Vertrag des Managers"},"content":{"rendered":"\t\t<div data-elementor-type=\"wp-post\" data-elementor-id=\"2515\" class=\"elementor elementor-2515 elementor-1157\" data-elementor-post-type=\"page\">\n\t\t\t\t\t\t<section class=\"elementor-section elementor-top-section elementor-element elementor-element-5669475d elementor-section-content-middle elementor-section-boxed elementor-section-height-default elementor-section-height-default\" data-id=\"5669475d\" data-element_type=\"section\" data-settings=\"{&quot;background_background&quot;:&quot;classic&quot;}\">\n\t\t\t\t\t\t\t<div class=\"elementor-background-overlay\"><\/div>\n\t\t\t\t\t\t\t<div class=\"elementor-container elementor-column-gap-wider\">\n\t\t\t\t\t<div class=\"elementor-column elementor-col-100 elementor-top-column elementor-element elementor-element-43e4a758\" data-id=\"43e4a758\" data-element_type=\"column\">\n\t\t\t<div class=\"elementor-widget-wrap elementor-element-populated\">\n\t\t\t\t\t\t<div class=\"elementor-element elementor-element-5e50c0ef elementor-widget elementor-widget-heading\" data-id=\"5e50c0ef\" data-element_type=\"widget\" data-widget_type=\"heading.default\">\n\t\t\t\t<div class=\"elementor-widget-container\">\n\t\t\t<h1 class=\"elementor-heading-title elementor-size-default\">Zusammenarbeit und Werteorientierung<\/h1>\t\t<\/div>\n\t\t\t\t<\/div>\n\t\t\t\t<div class=\"elementor-element elementor-element-76f4de9a elementor-widget elementor-widget-text-editor\" data-id=\"76f4de9a\" data-element_type=\"widget\" data-widget_type=\"text-editor.default\">\n\t\t\t\t<div class=\"elementor-widget-container\">\n\t\t\t\t\t\t\t<p><strong>Die Grundlage des Erfolgs im Firouzi-Team<\/strong><\/p>\n\t\t\t\t\t\t<\/div>\n\t\t\t\t<\/div>\n\t\t\t\t\t<\/div>\n\t\t<\/div>\n\t\t\t\t\t<\/div>\n\t\t<\/section>\n\t\t\t\t<section class=\"elementor-section elementor-top-section elementor-element elementor-element-2fc5b555 elementor-section-content-middle elementor-section-boxed elementor-section-height-default elementor-section-height-default\" data-id=\"2fc5b555\" data-element_type=\"section\" data-settings=\"{&quot;background_background&quot;:&quot;classic&quot;}\">\n\t\t\t\t\t\t<div class=\"elementor-container elementor-column-gap-wider\">\n\t\t\t\t\t<div class=\"elementor-column elementor-col-100 elementor-top-column elementor-element elementor-element-7da845b8\" data-id=\"7da845b8\" data-element_type=\"column\">\n\t\t\t<div class=\"elementor-widget-wrap elementor-element-populated\">\n\t\t\t\t\t\t<div class=\"elementor-element elementor-element-6bb40cf5 elementor-widget elementor-widget-heading\" data-id=\"6bb40cf5\" data-element_type=\"widget\" data-widget_type=\"heading.default\">\n\t\t\t\t<div class=\"elementor-widget-container\">\n\t\t\t<h2 class=\"elementor-heading-title elementor-size-default\">Rechtliche Registrierung von Kunstwerken<\/h2>\t\t<\/div>\n\t\t\t\t<\/div>\n\t\t\t\t<div class=\"elementor-element elementor-element-46cea68f elementor-widget elementor-widget-text-editor\" data-id=\"46cea68f\" data-element_type=\"widget\" data-widget_type=\"text-editor.default\">\n\t\t\t\t<div class=\"elementor-widget-container\">\n\t\t\t\t\t\t\t<p>In diesem Team muss jeder K\u00fcnstler zun\u00e4chst h\u00f6chste Teamf\u00e4higkeiten, Denkweise und Zusammenarbeit vorweisen, bevor individuelle F\u00e4higkeiten ber\u00fccksichtigt werden. Der Manager versichert hier, dass das Team f\u00fcr Personen geschlossen ist, die sich nur auf ihre eigenen Interessen konzentrieren. Im Gegenteil, K\u00fcnstler mit einer Teamarbeitsmentalit\u00e4t, die dem Team beitreten m\u00f6chten, werden vom Manager als wertvolle Ressourcen angesehen, die er mit aller Kraft anzieht und h\u00e4lt.<br \/>Daher profitieren alle Mitglieder, entsprechend ihrer Rollen und Aufgaben im Firouzi-Team, von den materiellen und geistigen Rechten der Werke, die durch rechtliche Formalit\u00e4ten dokumentiert und registriert werden. Dieses Engagement ist ein dauerhaftes Versprechen des Managers. <\/p>\n\t\t\t\t\t\t<\/div>\n\t\t\t\t<\/div>\n\t\t\t\t\t<\/div>\n\t\t<\/div>\n\t\t\t\t\t<\/div>\n\t\t<\/section>\n\t\t\t\t<\/div>\n\t\t","protected":false},"excerpt":{"rendered":"<p>Zusammenarbeit und Werteorientierung Die Grundlage des Erfolgs im Firouzi-Team Rechtliche Registrierung von Kunstwerken In diesem Team muss jeder K\u00fcnstler zun\u00e4chst h\u00f6chste Teamf\u00e4higkeiten, Denkweise und Zusammenarbeit vorweisen, bevor individuelle F\u00e4higkeiten ber\u00fccksichtigt werden. Der Manager versichert hier, dass das Team f\u00fcr Personen geschlossen ist, die sich nur auf ihre eigenen Interessen konzentrieren. Im Gegenteil, K\u00fcnstler mit einer [&hellip;]<\/p>\n","protected":false},"author":1,"featured_media":0,"parent":0,"menu_order":0,"comment_status":"closed","ping_status":"closed","template":"","meta":{"site-sidebar-layout":"no-sidebar","site-content-layout":"page-builder","ast-site-content-layout":"","site-content-style":"default","site-sidebar-style":"default","ast-global-header-display":"","ast-banner-title-visibility":"","ast-main-header-display":"","ast-hfb-above-header-display":"","ast-hfb-below-header-display":"","ast-hfb-mobile-header-display":"","site-post-title":"disabled","ast-breadcrumbs-content":"","ast-featured-img":"disabled","footer-sml-layout":"","theme-transparent-header-meta":"enabled","adv-header-id-meta":"","stick-header-meta":"default","header-above-stick-meta":"","header-main-stick-meta":"","header-below-stick-meta":"","astra-migrate-meta-layouts":"default","ast-page-background-enabled":"default","ast-page-background-meta":{"desktop":{"background-color":"","background-image":"","background-repeat":"repeat","background-position":"center center","background-size":"auto","background-attachment":"scroll","background-type":"","background-media":"","overlay-type":"","overlay-color":"","overlay-opacity":"","overlay-gradient":""},"tablet":{"background-color":"","background-image":"","background-repeat":"repeat","background-position":"center center","background-size":"auto","background-attachment":"scroll","background-type":"","background-media":"","overlay-type":"","overlay-color":"","overlay-opacity":"","overlay-gradient":""},"mobile":{"background-color":"","background-image":"","background-repeat":"repeat","background-position":"center center","background-size":"auto","background-attachment":"scroll","background-type":"","background-media":"","overlay-type":"","overlay-color":"","overlay-opacity":"","overlay-gradient":""}},"ast-content-background-meta":{"desktop":{"background-color":"var(--ast-global-color-5)","background-image":"","background-repeat":"repeat","background-position":"center center","background-size":"auto","background-attachment":"scroll","background-type":"","background-media":"","overlay-type":"","overlay-color":"","overlay-opacity":"","overlay-gradient":""},"tablet":{"background-color":"var(--ast-global-color-5)","background-image":"","background-repeat":"repeat","background-position":"center center","background-size":"auto","background-attachment":"scroll","background-type":"","background-media":"","overlay-type":"","overlay-color":"","overlay-opacity":"","overlay-gradient":""},"mobile":{"background-color":"var(--ast-global-color-5)","background-image":"","background-repeat":"repeat","background-position":"center center","background-size":"auto","background-attachment":"scroll","background-type":"","background-media":"","overlay-type":"","overlay-color":"","overlay-opacity":"","overlay-gradient":""}},"footnotes":""},"class_list":["post-2515","page","type-page","status-publish","hentry"],"uagb_featured_image_src":{"full":false,"thumbnail":false,"medium":false,"medium_large":false,"large":false,"1536x1536":false,"2048x2048":false},"uagb_author_info":{"display_name":"astra","author_link":"https:\/\/firouziart.com\/de\/author\/astra\/"},"uagb_comment_info":0,"uagb_excerpt":"Zusammenarbeit und Werteorientierung Die Grundlage des Erfolgs im Firouzi-Team Rechtliche Registrierung von Kunstwerken In diesem Team muss jeder K\u00fcnstler zun\u00e4chst h\u00f6chste Teamf\u00e4higkeiten, Denkweise und Zusammenarbeit vorweisen, bevor individuelle F\u00e4higkeiten ber\u00fccksichtigt werden. Der Manager versichert hier, dass das Team f\u00fcr Personen geschlossen ist, die sich nur auf ihre eigenen Interessen konzentrieren. Im Gegenteil, K\u00fcnstler mit einer&hellip;","_links":{"self":[{"href":"https:\/\/firouziart.com\/de\/wp-json\/wp\/v2\/pages\/2515","targetHints":{"allow":["GET"]}}],"collection":[{"href":"https:\/\/firouziart.com\/de\/wp-json\/wp\/v2\/pages"}],"about":[{"href":"https:\/\/firouziart.com\/de\/wp-json\/wp\/v2\/types\/page"}],"author":[{"embeddable":true,"href":"https:\/\/firouziart.com\/de\/wp-json\/wp\/v2\/users\/1"}],"replies":[{"embeddable":true,"href":"https:\/\/firouziart.com\/de\/wp-json\/wp\/v2\/comments?post=2515"}],"version-history":[{"count":7,"href":"https:\/\/firouziart.com\/de\/wp-json\/wp\/v2\/pages\/2515\/revisions"}],"predecessor-version":[{"id":2712,"href":"https:\/\/firouziart.com\/de\/wp-json\/wp\/v2\/pages\/2515\/revisions\/2712"}],"wp:attachment":[{"href":"https:\/\/firouziart.com\/de\/wp-json\/wp\/v2\/media?parent=2515"}],"curies":[{"name":"wp","href":"https:\/\/api.w.org\/{rel}","templated":true}]}}