{"id":2511,"date":"2018-04-11T13:29:45","date_gmt":"2018-04-11T08:59:45","guid":{"rendered":"https:\/\/firouzi.team\/startseite\/"},"modified":"2025-01-30T17:42:51","modified_gmt":"2025-01-30T14:12:51","slug":"startseite","status":"publish","type":"page","link":"https:\/\/firouziart.com\/de\/","title":{"rendered":"Startseite"},"content":{"rendered":"\t\t<div data-elementor-type=\"wp-post\" data-elementor-id=\"2511\" class=\"elementor elementor-2511 elementor-83\" data-elementor-post-type=\"page\">\n\t\t\t\t\t\t<section class=\"elementor-section elementor-top-section elementor-element elementor-element-0f986e4 elementor-section-height-min-height elementor-section-content-middle elementor-section-boxed elementor-section-height-default elementor-section-items-middle\" data-id=\"0f986e4\" data-element_type=\"section\" data-settings=\"{&quot;background_background&quot;:&quot;classic&quot;}\">\n\t\t\t\t\t\t\t<div class=\"elementor-background-overlay\"><\/div>\n\t\t\t\t\t\t\t<div class=\"elementor-container elementor-column-gap-wider\">\n\t\t\t\t\t<div class=\"elementor-column elementor-col-100 elementor-top-column elementor-element elementor-element-6059ec8\" data-id=\"6059ec8\" data-element_type=\"column\">\n\t\t\t<div class=\"elementor-widget-wrap elementor-element-populated\">\n\t\t\t\t\t\t<div class=\"elementor-element elementor-element-f450362 elementor-widget elementor-widget-heading\" data-id=\"f450362\" data-element_type=\"widget\" data-widget_type=\"heading.default\">\n\t\t\t\t<div class=\"elementor-widget-container\">\n\t\t\t<h1 class=\"elementor-heading-title elementor-size-default\">\nFiroozi-Team<\/h1>\t\t<\/div>\n\t\t\t\t<\/div>\n\t\t\t\t<div class=\"elementor-element elementor-element-f706b15 elementor-widget elementor-widget-text-editor\" data-id=\"f706b15\" data-element_type=\"widget\" data-widget_type=\"text-editor.default\">\n\t\t\t\t<div class=\"elementor-widget-container\">\n\t\t\t\t\t\t\t<p>Firoozi-Team<\/p>\n<p>Nach jahrelanger k\u00fcnstlerischer T\u00e4tigkeit pr\u00e4sentieren wir nun unser neuestes Werk, das technische und k\u00fcnstlerische Kreativit\u00e4t kombiniert mit der Technologie der k\u00fcnstlichen Intelligenz zeigt.<\/p>\n<p>Diese Website verzichtet auf die Darstellung vergangener Kunstwerke des Teams und konzentriert sich auf das Hauptthema:<\/p>\n<p>Die Pr\u00e4sentation der neuesten Innovationen, die mit k\u00fcnstlicher Intelligenz kombiniert und auf (Maldesigns) angewandt wurden \u2013 wertvolle Werke gro\u00dfer K\u00fcnstler.<\/p>\n<p>Gleichzeitig:<\/p>\n<p>Die Maldesigns dieser K\u00fcnstler wurden mit \u00e4u\u00dferster Pr\u00e4zision und Sch\u00f6nheit unter Verwendung der Materialchemie in Skulpturen und Reliefs verwandelt. Mit zus\u00e4tzlichen Klang- und Lichteffekten sowie einer KI-gesteuerten Pr\u00e4sentation werden die Kunstwerke einzigartig und au\u00dfergew\u00f6hnlich.<\/p>\n<p>Das untenstehende Video dient diesem Zweck.<\/p>\n\t\t\t\t\t\t<\/div>\n\t\t\t\t<\/div>\n\t\t\t\t<div class=\"elementor-element elementor-element-5359de6 elementor-widget elementor-widget-html\" data-id=\"5359de6\" data-element_type=\"widget\" data-widget_type=\"html.default\">\n\t\t\t\t<div class=\"elementor-widget-container\">\n\t\t\t<div id=\"53293368083\"><script type=\"text\/JavaScript\" src=\"https:\/\/www.aparat.com\/embed\/gmh56oi?data%5Brnddiv%5D=53293368083&amp;data%5Bresponsive%5D=yes&amp;titleShow=true\"><\/script><\/div>\t\t<\/div>\n\t\t\t\t<\/div>\n\t\t\t\t<div class=\"elementor-element elementor-element-fd2bac6 elementor-widget elementor-widget-text-editor\" data-id=\"fd2bac6\" data-element_type=\"widget\" data-widget_type=\"text-editor.default\">\n\t\t\t\t<div class=\"elementor-widget-container\">\n\t\t\t\t\t\t\t<p style=\"text-align: center;\"><span style=\"color: #ffffff;\">Hier wurde das Kunstwerk von Meister Mahmoud Farshchian als Skulptur mit besonderen Merkmalen ausgef\u00fchrt, deren Effekte mithilfe k\u00fcnstlicher Intelligenz dargestellt werden.<\/span><\/p>\n<p style=\"text-align: center;\"><span style=\"color: #ffffff;\">Daher:<\/span><\/p>\n<p style=\"text-align: center;\"><span style=\"color: #ffffff;\">Angesichts der Komplexit\u00e4t des Designs und der Farben, um die F\u00e4higkeiten des Teams in der Nutzung der Chemie sowie der technischen und k\u00fcnstlerischen Kreativit\u00e4t zu demonstrieren, ist dieses wertvolle Werk die geeignetste Wahl f\u00fcr die Ausf\u00fchrung und gleichzeitig eine der schwierigsten.<\/span><\/p>\n\t\t\t\t\t\t<\/div>\n\t\t\t\t<\/div>\n\t\t\t\t\t<\/div>\n\t\t<\/div>\n\t\t\t\t\t<\/div>\n\t\t<\/section>\n\t\t\t\t<section class=\"elementor-section elementor-top-section elementor-element elementor-element-1ce9f06 elementor-section-content-middle elementor-section-boxed elementor-section-height-default elementor-section-height-default\" data-id=\"1ce9f06\" data-element_type=\"section\">\n\t\t\t\t\t\t<div class=\"elementor-container elementor-column-gap-wider\">\n\t\t\t\t\t<div class=\"elementor-column elementor-col-100 elementor-top-column elementor-element elementor-element-398ebeb\" data-id=\"398ebeb\" data-element_type=\"column\">\n\t\t\t<div class=\"elementor-widget-wrap elementor-element-populated\">\n\t\t\t\t\t\t<div class=\"elementor-element elementor-element-acf6c2a elementor-widget elementor-widget-heading\" data-id=\"acf6c2a\" data-element_type=\"widget\" data-widget_type=\"heading.default\">\n\t\t\t\t<div class=\"elementor-widget-container\">\n\t\t\t<h4 class=\"elementor-heading-title elementor-size-default\">Die Pr\u00e4sentation des obigen Kunstwerks ist ein Beispiel, bei dem einige seiner technischen und k\u00fcnstlerischen Merkmale hier erw\u00e4hnt werden:<\/h4>\t\t<\/div>\n\t\t\t\t<\/div>\n\t\t\t\t<section class=\"elementor-section elementor-inner-section elementor-element elementor-element-0477bab elementor-section-content-top elementor-section-boxed elementor-section-height-default elementor-section-height-default\" data-id=\"0477bab\" data-element_type=\"section\">\n\t\t\t\t\t\t<div class=\"elementor-container elementor-column-gap-wider\">\n\t\t\t\t\t<div class=\"elementor-column elementor-col-33 elementor-inner-column elementor-element elementor-element-019a9e1\" data-id=\"019a9e1\" data-element_type=\"column\" data-settings=\"{&quot;background_background&quot;:&quot;classic&quot;}\">\n\t\t\t<div class=\"elementor-widget-wrap elementor-element-populated\">\n\t\t\t\t\t\t<div class=\"elementor-element elementor-element-af2cf45 elementor-widget elementor-widget-heading\" data-id=\"af2cf45\" data-element_type=\"widget\" data-widget_type=\"heading.default\">\n\t\t\t\t<div class=\"elementor-widget-container\">\n\t\t\t<h5 class=\"elementor-heading-title elementor-size-default\">Magie der Farbe<\/h5>\t\t<\/div>\n\t\t\t\t<\/div>\n\t\t\t\t<div class=\"elementor-element elementor-element-b994e6b elementor-widget elementor-widget-text-editor\" data-id=\"b994e6b\" data-element_type=\"widget\" data-widget_type=\"text-editor.default\">\n\t\t\t\t<div class=\"elementor-widget-container\">\n\t\t\t\t\t\t\t<p>F\u00e4rbung von Gem\u00e4lden durch die Kombination der Stile Pointillismus und Realismus sowie die Anwendung chemischer Techniken zur Erzeugung von Farbeffekten.<\/p>\n\t\t\t\t\t\t<\/div>\n\t\t\t\t<\/div>\n\t\t\t\t\t<\/div>\n\t\t<\/div>\n\t\t\t\t<div class=\"elementor-column elementor-col-33 elementor-inner-column elementor-element elementor-element-637e5a4\" data-id=\"637e5a4\" data-element_type=\"column\" data-settings=\"{&quot;background_background&quot;:&quot;classic&quot;}\">\n\t\t\t<div class=\"elementor-widget-wrap elementor-element-populated\">\n\t\t\t\t\t\t<div class=\"elementor-element elementor-element-5217ab7 elementor-widget elementor-widget-heading\" data-id=\"5217ab7\" data-element_type=\"widget\" data-widget_type=\"heading.default\">\n\t\t\t\t<div class=\"elementor-widget-container\">\n\t\t\t<h5 class=\"elementor-heading-title elementor-size-default\">Einzigartige Skulpturen<\/h5>\t\t<\/div>\n\t\t\t\t<\/div>\n\t\t\t\t<div class=\"elementor-element elementor-element-0004a49 elementor-widget elementor-widget-text-editor\" data-id=\"0004a49\" data-element_type=\"widget\" data-widget_type=\"text-editor.default\">\n\t\t\t\t<div class=\"elementor-widget-container\">\n\t\t\t\t\t\t\t<p>Erstellung von Skulpturen aus Verbundmaterialien und verschiedenen Harzen zur Verst\u00e4rkung, Schaffung von Texturen und verschiedenen Farben.<\/p>\n\t\t\t\t\t\t<\/div>\n\t\t\t\t<\/div>\n\t\t\t\t\t<\/div>\n\t\t<\/div>\n\t\t\t\t<div class=\"elementor-column elementor-col-33 elementor-inner-column elementor-element elementor-element-fff8ff4\" data-id=\"fff8ff4\" data-element_type=\"column\" data-settings=\"{&quot;background_background&quot;:&quot;classic&quot;}\">\n\t\t\t<div class=\"elementor-widget-wrap elementor-element-populated\">\n\t\t\t\t\t\t<div class=\"elementor-element elementor-element-045332c elementor-widget elementor-widget-heading\" data-id=\"045332c\" data-element_type=\"widget\" data-widget_type=\"heading.default\">\n\t\t\t\t<div class=\"elementor-widget-container\">\n\t\t\t<h5 class=\"elementor-heading-title elementor-size-default\">Besondere Beleuchtung<\/h5>\t\t<\/div>\n\t\t\t\t<\/div>\n\t\t\t\t<div class=\"elementor-element elementor-element-9662a9b elementor-widget elementor-widget-text-editor\" data-id=\"9662a9b\" data-element_type=\"widget\" data-widget_type=\"text-editor.default\">\n\t\t\t\t<div class=\"elementor-widget-container\">\n\t\t\t\t\t\t\t<p>Nutzung der Strahlungstechnologie von Lichtstrahlen zur Darstellung von Farbeffekten.<\/p>\n\t\t\t\t\t\t<\/div>\n\t\t\t\t<\/div>\n\t\t\t\t\t<\/div>\n\t\t<\/div>\n\t\t\t\t\t<\/div>\n\t\t<\/section>\n\t\t\t\t<section class=\"elementor-section elementor-inner-section elementor-element elementor-element-2f02c23 elementor-section-content-top elementor-section-boxed elementor-section-height-default elementor-section-height-default\" data-id=\"2f02c23\" data-element_type=\"section\">\n\t\t\t\t\t\t<div class=\"elementor-container elementor-column-gap-wider\">\n\t\t\t\t\t<div class=\"elementor-column elementor-col-33 elementor-inner-column elementor-element elementor-element-54ad737\" data-id=\"54ad737\" data-element_type=\"column\" data-settings=\"{&quot;background_background&quot;:&quot;classic&quot;}\">\n\t\t\t<div class=\"elementor-widget-wrap elementor-element-populated\">\n\t\t\t\t\t\t<div class=\"elementor-element elementor-element-990aa33 elementor-widget elementor-widget-heading\" data-id=\"990aa33\" data-element_type=\"widget\" data-widget_type=\"heading.default\">\n\t\t\t\t<div class=\"elementor-widget-container\">\n\t\t\t<h5 class=\"elementor-heading-title elementor-size-default\">Musikalische Harmonie mit Kunstwerken<\/h5>\t\t<\/div>\n\t\t\t\t<\/div>\n\t\t\t\t<div class=\"elementor-element elementor-element-134b8a1 elementor-widget elementor-widget-text-editor\" data-id=\"134b8a1\" data-element_type=\"widget\" data-widget_type=\"text-editor.default\">\n\t\t\t\t<div class=\"elementor-widget-container\">\n\t\t\t\t\t\t\t<p>Komposition von Musik entsprechend dem Thema der Kunstwerke, gespielt mit multidimensionaler Soundtechnologie.<\/p>\n\t\t\t\t\t\t<\/div>\n\t\t\t\t<\/div>\n\t\t\t\t\t<\/div>\n\t\t<\/div>\n\t\t\t\t<div class=\"elementor-column elementor-col-33 elementor-inner-column elementor-element elementor-element-2c6f9ee\" data-id=\"2c6f9ee\" data-element_type=\"column\" data-settings=\"{&quot;background_background&quot;:&quot;classic&quot;}\">\n\t\t\t<div class=\"elementor-widget-wrap elementor-element-populated\">\n\t\t\t\t\t\t<div class=\"elementor-element elementor-element-c74421d elementor-widget elementor-widget-heading\" data-id=\"c74421d\" data-element_type=\"widget\" data-widget_type=\"heading.default\">\n\t\t\t\t<div class=\"elementor-widget-container\">\n\t\t\t<h5 class=\"elementor-heading-title elementor-size-default\">Effekte (KI)<\/h5>\t\t<\/div>\n\t\t\t\t<\/div>\n\t\t\t\t<div class=\"elementor-element elementor-element-9d46376 elementor-widget elementor-widget-text-editor\" data-id=\"9d46376\" data-element_type=\"widget\" data-widget_type=\"text-editor.default\">\n\t\t\t\t<div class=\"elementor-widget-container\">\n\t\t\t\t\t\t\t<p>Synchronisation von Licht-, Musik- und Farbeffekten mit k\u00fcnstlicher Intelligenz.<\/p>\n\t\t\t\t\t\t<\/div>\n\t\t\t\t<\/div>\n\t\t\t\t\t<\/div>\n\t\t<\/div>\n\t\t\t\t<div class=\"elementor-column elementor-col-33 elementor-inner-column elementor-element elementor-element-935b1b7\" data-id=\"935b1b7\" data-element_type=\"column\" data-settings=\"{&quot;background_background&quot;:&quot;classic&quot;}\">\n\t\t\t<div class=\"elementor-widget-wrap elementor-element-populated\">\n\t\t\t\t\t\t<div class=\"elementor-element elementor-element-66890fb elementor-widget elementor-widget-heading\" data-id=\"66890fb\" data-element_type=\"widget\" data-widget_type=\"heading.default\">\n\t\t\t\t<div class=\"elementor-widget-container\">\n\t\t\t<h5 class=\"elementor-heading-title elementor-size-default\">Psychologische Analyse (KI)<\/h5>\t\t<\/div>\n\t\t\t\t<\/div>\n\t\t\t\t<div class=\"elementor-element elementor-element-ae2d8a8 elementor-widget elementor-widget-text-editor\" data-id=\"ae2d8a8\" data-element_type=\"widget\" data-widget_type=\"text-editor.default\">\n\t\t\t\t<div class=\"elementor-widget-container\">\n\t\t\t\t\t\t\t<p>Ver\u00e4nderung der Effekte im Kunstwerk, um die besten Emotionen beim Publikum zu erzeugen, sowie psychologische Analyse des Publikums durch k\u00fcnstliche Intelligenz basierend auf dem Kunstwerk.<\/p>\n\t\t\t\t\t\t<\/div>\n\t\t\t\t<\/div>\n\t\t\t\t\t<\/div>\n\t\t<\/div>\n\t\t\t\t\t<\/div>\n\t\t<\/section>\n\t\t\t\t\t<\/div>\n\t\t<\/div>\n\t\t\t\t\t<\/div>\n\t\t<\/section>\n\t\t\t\t<\/div>\n\t\t","protected":false},"excerpt":{"rendered":"<p>Firoozi-Team Firoozi-Team Nach jahrelanger k\u00fcnstlerischer T\u00e4tigkeit pr\u00e4sentieren wir nun unser neuestes Werk, das technische und k\u00fcnstlerische Kreativit\u00e4t kombiniert mit der Technologie der k\u00fcnstlichen Intelligenz zeigt. Diese Website verzichtet auf die Darstellung vergangener Kunstwerke des Teams und konzentriert sich auf das Hauptthema: Die Pr\u00e4sentation der neuesten Innovationen, die mit k\u00fcnstlicher Intelligenz kombiniert und auf (Maldesigns) angewandt [&hellip;]<\/p>\n","protected":false},"author":1,"featured_media":0,"parent":0,"menu_order":0,"comment_status":"closed","ping_status":"closed","template":"","meta":{"site-sidebar-layout":"no-sidebar","site-content-layout":"page-builder","ast-site-content-layout":"","site-content-style":"default","site-sidebar-style":"default","ast-global-header-display":"","ast-banner-title-visibility":"","ast-main-header-display":"","ast-hfb-above-header-display":"","ast-hfb-below-header-display":"","ast-hfb-mobile-header-display":"","site-post-title":"disabled","ast-breadcrumbs-content":"","ast-featured-img":"disabled","footer-sml-layout":"","theme-transparent-header-meta":"enabled","adv-header-id-meta":"","stick-header-meta":"default","header-above-stick-meta":"","header-main-stick-meta":"","header-below-stick-meta":"","astra-migrate-meta-layouts":"default","ast-page-background-enabled":"default","ast-page-background-meta":{"desktop":{"background-color":"","background-image":"","background-repeat":"repeat","background-position":"center center","background-size":"auto","background-attachment":"scroll","background-type":"","background-media":"","overlay-type":"","overlay-color":"","overlay-opacity":"","overlay-gradient":""},"tablet":{"background-color":"","background-image":"","background-repeat":"repeat","background-position":"center center","background-size":"auto","background-attachment":"scroll","background-type":"","background-media":"","overlay-type":"","overlay-color":"","overlay-opacity":"","overlay-gradient":""},"mobile":{"background-color":"","background-image":"","background-repeat":"repeat","background-position":"center center","background-size":"auto","background-attachment":"scroll","background-type":"","background-media":"","overlay-type":"","overlay-color":"","overlay-opacity":"","overlay-gradient":""}},"ast-content-background-meta":{"desktop":{"background-color":"var(--ast-global-color-5)","background-image":"","background-repeat":"repeat","background-position":"center center","background-size":"auto","background-attachment":"scroll","background-type":"","background-media":"","overlay-type":"","overlay-color":"","overlay-opacity":"","overlay-gradient":""},"tablet":{"background-color":"var(--ast-global-color-5)","background-image":"","background-repeat":"repeat","background-position":"center center","background-size":"auto","background-attachment":"scroll","background-type":"","background-media":"","overlay-type":"","overlay-color":"","overlay-opacity":"","overlay-gradient":""},"mobile":{"background-color":"var(--ast-global-color-5)","background-image":"","background-repeat":"repeat","background-position":"center center","background-size":"auto","background-attachment":"scroll","background-type":"","background-media":"","overlay-type":"","overlay-color":"","overlay-opacity":"","overlay-gradient":""}},"footnotes":""},"class_list":["post-2511","page","type-page","status-publish","hentry"],"uagb_featured_image_src":{"full":false,"thumbnail":false,"medium":false,"medium_large":false,"large":false,"1536x1536":false,"2048x2048":false},"uagb_author_info":{"display_name":"astra","author_link":"https:\/\/firouziart.com\/de\/author\/astra\/"},"uagb_comment_info":0,"uagb_excerpt":"Firoozi-Team Firoozi-Team Nach jahrelanger k\u00fcnstlerischer T\u00e4tigkeit pr\u00e4sentieren wir nun unser neuestes Werk, das technische und k\u00fcnstlerische Kreativit\u00e4t kombiniert mit der Technologie der k\u00fcnstlichen Intelligenz zeigt. Diese Website verzichtet auf die Darstellung vergangener Kunstwerke des Teams und konzentriert sich auf das Hauptthema: Die Pr\u00e4sentation der neuesten Innovationen, die mit k\u00fcnstlicher Intelligenz kombiniert und auf (Maldesigns) angewandt&hellip;","_links":{"self":[{"href":"https:\/\/firouziart.com\/de\/wp-json\/wp\/v2\/pages\/2511","targetHints":{"allow":["GET"]}}],"collection":[{"href":"https:\/\/firouziart.com\/de\/wp-json\/wp\/v2\/pages"}],"about":[{"href":"https:\/\/firouziart.com\/de\/wp-json\/wp\/v2\/types\/page"}],"author":[{"embeddable":true,"href":"https:\/\/firouziart.com\/de\/wp-json\/wp\/v2\/users\/1"}],"replies":[{"embeddable":true,"href":"https:\/\/firouziart.com\/de\/wp-json\/wp\/v2\/comments?post=2511"}],"version-history":[{"count":7,"href":"https:\/\/firouziart.com\/de\/wp-json\/wp\/v2\/pages\/2511\/revisions"}],"predecessor-version":[{"id":2718,"href":"https:\/\/firouziart.com\/de\/wp-json\/wp\/v2\/pages\/2511\/revisions\/2718"}],"wp:attachment":[{"href":"https:\/\/firouziart.com\/de\/wp-json\/wp\/v2\/media?parent=2511"}],"curies":[{"name":"wp","href":"https:\/\/api.w.org\/{rel}","templated":true}]}}