{"id":2507,"date":"2025-01-08T15:35:40","date_gmt":"2025-01-08T12:05:40","guid":{"rendered":"https:\/\/firouzi.team\/haeufig-gestellte-fragen\/"},"modified":"2025-01-30T16:28:48","modified_gmt":"2025-01-30T12:58:48","slug":"haeufig-gestellte-fragen","status":"publish","type":"page","link":"https:\/\/firouziart.com\/de\/haeufig-gestellte-fragen\/","title":{"rendered":"H\u00e4ufig gestellte Fragen"},"content":{"rendered":"\t\t<div data-elementor-type=\"wp-page\" data-elementor-id=\"2507\" class=\"elementor elementor-2507 elementor-1785\" data-elementor-post-type=\"page\">\n\t\t\t\t\t\t<section class=\"elementor-section elementor-top-section elementor-element elementor-element-5ed24ad elementor-section-boxed elementor-section-height-default elementor-section-height-default\" data-id=\"5ed24ad\" data-element_type=\"section\" data-settings=\"{&quot;background_background&quot;:&quot;classic&quot;,&quot;background_motion_fx_motion_fx_scrolling&quot;:&quot;yes&quot;,&quot;background_motion_fx_blur_effect&quot;:&quot;yes&quot;,&quot;background_motion_fx_blur_level&quot;:{&quot;unit&quot;:&quot;px&quot;,&quot;size&quot;:4,&quot;sizes&quot;:[]},&quot;background_motion_fx_scale_effect&quot;:&quot;yes&quot;,&quot;background_motion_fx_motion_fx_mouse&quot;:&quot;yes&quot;,&quot;background_motion_fx_blur_direction&quot;:&quot;out-in&quot;,&quot;background_motion_fx_blur_range&quot;:{&quot;unit&quot;:&quot;%&quot;,&quot;size&quot;:&quot;&quot;,&quot;sizes&quot;:{&quot;start&quot;:20,&quot;end&quot;:80}},&quot;background_motion_fx_scale_direction&quot;:&quot;out-in&quot;,&quot;background_motion_fx_scale_speed&quot;:{&quot;unit&quot;:&quot;px&quot;,&quot;size&quot;:4,&quot;sizes&quot;:[]},&quot;background_motion_fx_scale_range&quot;:{&quot;unit&quot;:&quot;%&quot;,&quot;size&quot;:&quot;&quot;,&quot;sizes&quot;:{&quot;start&quot;:20,&quot;end&quot;:80}},&quot;background_motion_fx_devices&quot;:[&quot;desktop&quot;,&quot;tablet&quot;,&quot;mobile&quot;]}\">\n\t\t\t\t\t\t\t<div class=\"elementor-background-overlay\"><\/div>\n\t\t\t\t\t\t\t<div class=\"elementor-container elementor-column-gap-default\">\n\t\t\t\t\t<div class=\"elementor-column elementor-col-100 elementor-top-column elementor-element elementor-element-eac18e0\" data-id=\"eac18e0\" data-element_type=\"column\">\n\t\t\t<div class=\"elementor-widget-wrap elementor-element-populated\">\n\t\t\t\t\t\t<div class=\"elementor-element elementor-element-1b263f5 elementor-widget elementor-widget-spacer\" data-id=\"1b263f5\" data-element_type=\"widget\" data-widget_type=\"spacer.default\">\n\t\t\t\t<div class=\"elementor-widget-container\">\n\t\t\t\t\t<div class=\"elementor-spacer\">\n\t\t\t<div class=\"elementor-spacer-inner\"><\/div>\n\t\t<\/div>\n\t\t\t\t<\/div>\n\t\t\t\t<\/div>\n\t\t\t\t<div class=\"elementor-element elementor-element-44ea776 elementor-widget elementor-widget-heading\" data-id=\"44ea776\" data-element_type=\"widget\" data-widget_type=\"heading.default\">\n\t\t\t\t<div class=\"elementor-widget-container\">\n\t\t\t<h2 class=\"elementor-heading-title elementor-size-default\">H\u00e4ufig gestellte Fragen f\u00fcr Bewerber<\/h2>\t\t<\/div>\n\t\t\t\t<\/div>\n\t\t\t\t\t<\/div>\n\t\t<\/div>\n\t\t\t\t\t<\/div>\n\t\t<\/section>\n\t\t\t\t<section class=\"elementor-section elementor-top-section elementor-element elementor-element-3daa488 elementor-section-boxed elementor-section-height-default elementor-section-height-default\" data-id=\"3daa488\" data-element_type=\"section\">\n\t\t\t\t\t\t<div class=\"elementor-container elementor-column-gap-default\">\n\t\t\t\t\t<div class=\"elementor-column elementor-col-100 elementor-top-column elementor-element elementor-element-d553dcb\" data-id=\"d553dcb\" data-element_type=\"column\">\n\t\t\t<div class=\"elementor-widget-wrap elementor-element-populated\">\n\t\t\t\t\t\t<div class=\"elementor-element elementor-element-fdfa78e elementor-widget elementor-widget-spacer\" data-id=\"fdfa78e\" data-element_type=\"widget\" data-widget_type=\"spacer.default\">\n\t\t\t\t<div class=\"elementor-widget-container\">\n\t\t\t\t\t<div class=\"elementor-spacer\">\n\t\t\t<div class=\"elementor-spacer-inner\"><\/div>\n\t\t<\/div>\n\t\t\t\t<\/div>\n\t\t\t\t<\/div>\n\t\t\t\t<div class=\"elementor-element elementor-element-98a8ebe elementor-widget elementor-widget-accordion\" data-id=\"98a8ebe\" data-element_type=\"widget\" data-widget_type=\"accordion.default\">\n\t\t\t\t<div class=\"elementor-widget-container\">\n\t\t\t\t\t<div class=\"elementor-accordion\">\n\t\t\t\t\t\t\t<div class=\"elementor-accordion-item\">\n\t\t\t\t\t<div id=\"elementor-tab-title-1601\" class=\"elementor-tab-title\" data-tab=\"1\" role=\"button\" aria-controls=\"elementor-tab-content-1601\" aria-expanded=\"false\">\n\t\t\t\t\t\t\t\t\t\t\t\t\t<span class=\"elementor-accordion-icon elementor-accordion-icon-left\" aria-hidden=\"true\">\n\t\t\t\t\t\t\t\t\t\t\t\t\t\t\t<span class=\"elementor-accordion-icon-closed\"><i class=\"fas fa-plus\"><\/i><\/span>\n\t\t\t\t\t\t\t\t<span class=\"elementor-accordion-icon-opened\"><i class=\"fas fa-minus\"><\/i><\/span>\n\t\t\t\t\t\t\t\t\t\t\t\t\t\t<\/span>\n\t\t\t\t\t\t\t\t\t\t\t\t<a class=\"elementor-accordion-title\" tabindex=\"0\">1. Wie kann ich Ihnen vertrauen?<\/a>\n\t\t\t\t\t<\/div>\n\t\t\t\t\t<div id=\"elementor-tab-content-1601\" class=\"elementor-tab-content elementor-clearfix\" data-tab=\"1\" role=\"region\" aria-labelledby=\"elementor-tab-title-1601\"><p>Angesichts der steigenden Nachfrage nach Einwanderung und Arbeitsvisa im Ausland ist es verst\u00e4ndlich, sich \u00fcber betr\u00fcgerische Aktivit\u00e4ten Sorgen zu machen. Daher empfehle ich Ihnen, diese Website sorgf\u00e4ltig zu pr\u00fcfen, insbesondere den Abschnitt \u201eWichtige Punkte\u201c, sowie die folgenden Aspekte: <\/p>\n<p>\u2022 Erstens: W\u00e4hrend des Rekrutierungsprozesses gibt es keinen Geldtransfer oder finanzielle Angebote. Alle Aktivit\u00e4ten, einschlie\u00dflich Praktika, sind innerhalb des Teams kostenlos.<\/p>\n<p>\u2022 Zweitens: Die Auswahl von Personen f\u00fcr Anstellungen oder Praktika erfolgt ausschlie\u00dflich durch den Teamleiter.<\/p>\n<p>\u2022 Drittens: Die anf\u00e4ngliche Kommunikation sowie alle Fragen zwischen Bewerbern und dem Rekrutierungsteam finden \u00fcber Videoanrufe statt, die direkt vom Teamleiter \u00fcberwacht werden.<\/p>\n<p>\u2022 Viertens: Bewerber d\u00fcrfen die Videoanrufe w\u00e4hrend der Sitzungen mit ihrem Anwalt oder Vormund teilen.<\/p>\n<p>\u2022 F\u00fcnftens: Informationen \u00fcber den Vertrag des Teams mit dem Arbeitgeberland werden den Bewerbern w\u00e4hrend des ersten Videoanrufs zur \u00dcberpr\u00fcfung bei den zust\u00e4ndigen Beh\u00f6rden bereitgestellt.<\/p>\n<p>\u2022 Sechstens: Einzelne Bewerber mit Vormund k\u00f6nnen nur mit Zustimmung des Vormunds eingestellt werden. Au\u00dferdem d\u00fcrfen sie ein Familienmitglied f\u00fcr einen kostenlosen Besuch der Team-Einrichtungen im Arbeitgeberland mitbringen, um Bedenken auszur\u00e4umen.<\/p>\n<p>\u2022 Siebtens: Die Festnetznummer des B\u00fcros, die registrierte Adresse sowie die Profile der Rekrutierungsmitarbeiter (mit offiziellen Fotos) werden bereitgestellt, um Vertrauen aufzubauen und eine professionelle Vorgehensweise zu gew\u00e4hrleisten.<\/p>\n<\/div>\n\t\t\t\t<\/div>\n\t\t\t\t\t\t\t<div class=\"elementor-accordion-item\">\n\t\t\t\t\t<div id=\"elementor-tab-title-1602\" class=\"elementor-tab-title\" data-tab=\"2\" role=\"button\" aria-controls=\"elementor-tab-content-1602\" aria-expanded=\"false\">\n\t\t\t\t\t\t\t\t\t\t\t\t\t<span class=\"elementor-accordion-icon elementor-accordion-icon-left\" aria-hidden=\"true\">\n\t\t\t\t\t\t\t\t\t\t\t\t\t\t\t<span class=\"elementor-accordion-icon-closed\"><i class=\"fas fa-plus\"><\/i><\/span>\n\t\t\t\t\t\t\t\t<span class=\"elementor-accordion-icon-opened\"><i class=\"fas fa-minus\"><\/i><\/span>\n\t\t\t\t\t\t\t\t\t\t\t\t\t\t<\/span>\n\t\t\t\t\t\t\t\t\t\t\t\t<a class=\"elementor-accordion-title\" tabindex=\"0\">2. In welchen L\u00e4ndern und f\u00fcr welche Fachgebiete bietet Ihr Team Stellen an?<\/a>\n\t\t\t\t\t<\/div>\n\t\t\t\t\t<div id=\"elementor-tab-content-1602\" class=\"elementor-tab-content elementor-clearfix\" data-tab=\"2\" role=\"region\" aria-labelledby=\"elementor-tab-title-1602\"><p>\u00dcber soziale Medien werden Personen mit k\u00fcnstlerischen F\u00e4higkeiten eingeladen, die Website zu besuchen. Wenn Sie Interesse an einer Bewerbung haben, wird der Name des Arbeitgeberlandes nach dem Ausf\u00fcllen des Anmeldeformulars und der Teilnahme an der ersten Videokonferenz mitgeteilt.   Dies liegt daran, dass das Team m\u00f6glicherweise gleichzeitig f\u00fcr zwei Arbeitgeber in verschiedenen L\u00e4ndern rekrutiert. Die Anforderungen h\u00e4ngen daher von der Spezialisierung, dem Zeitpunkt und dem Standort der einzelnen Person ab. In einigen F\u00e4llen k\u00f6nnen Bewerber sogar das Arbeitgeberland w\u00e4hlen.<\/p>\n<\/div>\n\t\t\t\t<\/div>\n\t\t\t\t\t\t\t<div class=\"elementor-accordion-item\">\n\t\t\t\t\t<div id=\"elementor-tab-title-1603\" class=\"elementor-tab-title\" data-tab=\"3\" role=\"button\" aria-controls=\"elementor-tab-content-1603\" aria-expanded=\"false\">\n\t\t\t\t\t\t\t\t\t\t\t\t\t<span class=\"elementor-accordion-icon elementor-accordion-icon-left\" aria-hidden=\"true\">\n\t\t\t\t\t\t\t\t\t\t\t\t\t\t\t<span class=\"elementor-accordion-icon-closed\"><i class=\"fas fa-plus\"><\/i><\/span>\n\t\t\t\t\t\t\t\t<span class=\"elementor-accordion-icon-opened\"><i class=\"fas fa-minus\"><\/i><\/span>\n\t\t\t\t\t\t\t\t\t\t\t\t\t\t<\/span>\n\t\t\t\t\t\t\t\t\t\t\t\t<a class=\"elementor-accordion-title\" tabindex=\"0\">3. Mit wem wird mein Vertrag abgeschlossen?<\/a>\n\t\t\t\t\t<\/div>\n\t\t\t\t\t<div id=\"elementor-tab-content-1603\" class=\"elementor-tab-content elementor-clearfix\" data-tab=\"3\" role=\"region\" aria-labelledby=\"elementor-tab-title-1603\"><p>Die Vertr\u00e4ge aller K\u00fcnstler, Mitarbeiter und Praktikanten werden mit dem Teamleiter abgeschlossen. Das Team fungiert als Auftragnehmer im Arbeitgeberland und nutzt die bereitgestellten Einrichtungen. Der Teamleiter ist vollst\u00e4ndig verantwortlich f\u00fcr alle Personalangelegenheiten. Details zu den Einrichtungen der Arbeitgeberl\u00e4nder und den Leistungen des Teams finden Sie im Abschnitt \u201eVorteile des Beitritts zum Team\u201c auf der Website.  <\/p>\n<\/div>\n\t\t\t\t<\/div>\n\t\t\t\t\t\t\t<div class=\"elementor-accordion-item\">\n\t\t\t\t\t<div id=\"elementor-tab-title-1604\" class=\"elementor-tab-title\" data-tab=\"4\" role=\"button\" aria-controls=\"elementor-tab-content-1604\" aria-expanded=\"false\">\n\t\t\t\t\t\t\t\t\t\t\t\t\t<span class=\"elementor-accordion-icon elementor-accordion-icon-left\" aria-hidden=\"true\">\n\t\t\t\t\t\t\t\t\t\t\t\t\t\t\t<span class=\"elementor-accordion-icon-closed\"><i class=\"fas fa-plus\"><\/i><\/span>\n\t\t\t\t\t\t\t\t<span class=\"elementor-accordion-icon-opened\"><i class=\"fas fa-minus\"><\/i><\/span>\n\t\t\t\t\t\t\t\t\t\t\t\t\t\t<\/span>\n\t\t\t\t\t\t\t\t\t\t\t\t<a class=\"elementor-accordion-title\" tabindex=\"0\">4. Sind Universit\u00e4ts- oder technische Zertifikate f\u00fcr die im Anmeldeformular aufgef\u00fchrten Fachgebiete erforderlich?<\/a>\n\t\t\t\t\t<\/div>\n\t\t\t\t\t<div id=\"elementor-tab-content-1604\" class=\"elementor-tab-content elementor-clearfix\" data-tab=\"4\" role=\"region\" aria-labelledby=\"elementor-tab-title-1604\"><p>Im Firouzi-Team werden Kreativit\u00e4t und F\u00e4higkeiten mehr gesch\u00e4tzt als Zertifikate. In den meisten Bereichen k\u00f6nnen Kreativit\u00e4t und F\u00e4higkeiten bewertet und gemessen werden, sodass Zertifikate nicht erforderlich sind. In einigen Disziplinen, in denen F\u00e4higkeiten nicht leicht nachweisbar sind, k\u00f6nnen jedoch akademische Qualifikationen erforderlich sein. <\/p>\n<\/div>\n\t\t\t\t<\/div>\n\t\t\t\t\t\t\t<div class=\"elementor-accordion-item\">\n\t\t\t\t\t<div id=\"elementor-tab-title-1605\" class=\"elementor-tab-title\" data-tab=\"5\" role=\"button\" aria-controls=\"elementor-tab-content-1605\" aria-expanded=\"false\">\n\t\t\t\t\t\t\t\t\t\t\t\t\t<span class=\"elementor-accordion-icon elementor-accordion-icon-left\" aria-hidden=\"true\">\n\t\t\t\t\t\t\t\t\t\t\t\t\t\t\t<span class=\"elementor-accordion-icon-closed\"><i class=\"fas fa-plus\"><\/i><\/span>\n\t\t\t\t\t\t\t\t<span class=\"elementor-accordion-icon-opened\"><i class=\"fas fa-minus\"><\/i><\/span>\n\t\t\t\t\t\t\t\t\t\t\t\t\t\t<\/span>\n\t\t\t\t\t\t\t\t\t\t\t\t<a class=\"elementor-accordion-title\" tabindex=\"0\">5. Wie und warum werden Videokonferenzen durchgef\u00fchrt?<\/a>\n\t\t\t\t\t<\/div>\n\t\t\t\t\t<div id=\"elementor-tab-content-1605\" class=\"elementor-tab-content elementor-clearfix\" data-tab=\"5\" role=\"region\" aria-labelledby=\"elementor-tab-title-1605\"><p>Videokonferenzen werden mit etwa 10 Bewerbern und dem Rekrutierungspersonal unter der Aufsicht des Teamleiters durchgef\u00fchrt. Diese Diskussionen erm\u00f6glichen es den Bewerbern, die Bedenken der anderen zu verstehen, die Sitzungen mit ihrem Anwalt oder Vormund zu teilen und den Vertragsentwurfsprozess zu beschleunigen.<br \/>Details und die Koordination der Videokonferenzen werden \u00fcber die Festnetznummer des B\u00fcros des Teams mitgeteilt. <\/p>\n<\/div>\n\t\t\t\t<\/div>\n\t\t\t\t\t\t\t<div class=\"elementor-accordion-item\">\n\t\t\t\t\t<div id=\"elementor-tab-title-1606\" class=\"elementor-tab-title\" data-tab=\"6\" role=\"button\" aria-controls=\"elementor-tab-content-1606\" aria-expanded=\"false\">\n\t\t\t\t\t\t\t\t\t\t\t\t\t<span class=\"elementor-accordion-icon elementor-accordion-icon-left\" aria-hidden=\"true\">\n\t\t\t\t\t\t\t\t\t\t\t\t\t\t\t<span class=\"elementor-accordion-icon-closed\"><i class=\"fas fa-plus\"><\/i><\/span>\n\t\t\t\t\t\t\t\t<span class=\"elementor-accordion-icon-opened\"><i class=\"fas fa-minus\"><\/i><\/span>\n\t\t\t\t\t\t\t\t\t\t\t\t\t\t<\/span>\n\t\t\t\t\t\t\t\t\t\t\t\t<a class=\"elementor-accordion-title\" tabindex=\"0\">6. Wie sind die Arbeitszeiten, Urlaubsregelungen und Unterkunftsm\u00f6glichkeiten im Arbeitgeberland?<\/a>\n\t\t\t\t\t<\/div>\n\t\t\t\t\t<div id=\"elementor-tab-content-1606\" class=\"elementor-tab-content elementor-clearfix\" data-tab=\"6\" role=\"region\" aria-labelledby=\"elementor-tab-title-1606\"><p>Professionelle k\u00fcnstlerische Arbeit entsteht unter idealen mentalen und emotionalen Bedingungen. Das Team legt gro\u00dfen Wert darauf, dass K\u00fcnstler und Aufsichtspersonen optimale Arbeits-, Freizeit- und Urlaubspl\u00e4ne gestalten k\u00f6nnen. Erfahrene Psychologen unterst\u00fctzen ebenfalls, um ein positives Umfeld zu gew\u00e4hrleisten.  <\/p>\n<\/div>\n\t\t\t\t<\/div>\n\t\t\t\t\t\t\t<div class=\"elementor-accordion-item\">\n\t\t\t\t\t<div id=\"elementor-tab-title-1607\" class=\"elementor-tab-title\" data-tab=\"7\" role=\"button\" aria-controls=\"elementor-tab-content-1607\" aria-expanded=\"false\">\n\t\t\t\t\t\t\t\t\t\t\t\t\t<span class=\"elementor-accordion-icon elementor-accordion-icon-left\" aria-hidden=\"true\">\n\t\t\t\t\t\t\t\t\t\t\t\t\t\t\t<span class=\"elementor-accordion-icon-closed\"><i class=\"fas fa-plus\"><\/i><\/span>\n\t\t\t\t\t\t\t\t<span class=\"elementor-accordion-icon-opened\"><i class=\"fas fa-minus\"><\/i><\/span>\n\t\t\t\t\t\t\t\t\t\t\t\t\t\t<\/span>\n\t\t\t\t\t\t\t\t\t\t\t\t<a class=\"elementor-accordion-title\" tabindex=\"0\">7. Wie werden die Reise- und Unterkunftskosten f\u00fcr K\u00fcnstler und Mitarbeiter im Arbeitgeberland gedeckt?<\/a>\n\t\t\t\t\t<\/div>\n\t\t\t\t\t<div id=\"elementor-tab-content-1607\" class=\"elementor-tab-content elementor-clearfix\" data-tab=\"7\" role=\"region\" aria-labelledby=\"elementor-tab-title-1607\"><p>Alle Reise- und Unterkunftskosten werden vom Team \u00fcbernommen. Die Mitarbeiter wohnen in einem vom Team zugewiesenen Hotel-Pension, das sicher ist und Unterk\u00fcnfte f\u00fcr verheiratete Paare sowie Kinderbetreuung f\u00fcr Kinder unter sechs Jahren bietet.<br \/>Mehr als 90 % des Personals sind Frauen, und alle m\u00e4nnlichen Mitarbeiter sind verheiratet und leben mit ihren Familien in der Familienabteilung. Einzelne Mitarbeiter mit Vormund d\u00fcrfen ein Familienmitglied zu einem kostenlosen Besuch mitbringen, um die Sicherheit zu gew\u00e4hrleisten.    <\/p>\n<\/div>\n\t\t\t\t<\/div>\n\t\t\t\t\t\t\t<div class=\"elementor-accordion-item\">\n\t\t\t\t\t<div id=\"elementor-tab-title-1608\" class=\"elementor-tab-title\" data-tab=\"8\" role=\"button\" aria-controls=\"elementor-tab-content-1608\" aria-expanded=\"false\">\n\t\t\t\t\t\t\t\t\t\t\t\t\t<span class=\"elementor-accordion-icon elementor-accordion-icon-left\" aria-hidden=\"true\">\n\t\t\t\t\t\t\t\t\t\t\t\t\t\t\t<span class=\"elementor-accordion-icon-closed\"><i class=\"fas fa-plus\"><\/i><\/span>\n\t\t\t\t\t\t\t\t<span class=\"elementor-accordion-icon-opened\"><i class=\"fas fa-minus\"><\/i><\/span>\n\t\t\t\t\t\t\t\t\t\t\t\t\t\t<\/span>\n\t\t\t\t\t\t\t\t\t\t\t\t<a class=\"elementor-accordion-title\" tabindex=\"0\">8. Warum ist es nicht m\u00f6glich, das Rekrutierungspersonal vor den Videokonferenzen zu treffen?<\/a>\n\t\t\t\t\t<\/div>\n\t\t\t\t\t<div id=\"elementor-tab-content-1608\" class=\"elementor-tab-content elementor-clearfix\" data-tab=\"8\" role=\"region\" aria-labelledby=\"elementor-tab-title-1608\"><p>\u2022 Erstens: Dies gew\u00e4hrleistet die zuvor etablierte professionelle Vorgehensweise und das Vertrauen.<\/p>\n<p>\u2022 Zweitens: Aufgrund der gro\u00dfen Anzahl von Bewerbern konzentriert sich das Team auf Organisation und Effizienz. Daher d\u00fcrfen nur Bewerber, die nach den Videokonferenzen ausgew\u00e4hlt wurden, das B\u00fcro zur Unterzeichnung des endg\u00fcltigen Vertrags besuchen.  <\/p>\n<\/div>\n\t\t\t\t<\/div>\n\t\t\t\t\t\t\t\t<\/div>\n\t\t\t\t<\/div>\n\t\t\t\t<\/div>\n\t\t\t\t\t<\/div>\n\t\t<\/div>\n\t\t\t\t\t<\/div>\n\t\t<\/section>\n\t\t\t\t<\/div>\n\t\t","protected":false},"excerpt":{"rendered":"<p>H\u00e4ufig gestellte Fragen f\u00fcr Bewerber 1. Wie kann ich Ihnen vertrauen? Angesichts der steigenden Nachfrage nach Einwanderung und Arbeitsvisa im Ausland ist es verst\u00e4ndlich, sich \u00fcber betr\u00fcgerische Aktivit\u00e4ten Sorgen zu machen. Daher empfehle ich Ihnen, diese Website sorgf\u00e4ltig zu pr\u00fcfen, insbesondere den Abschnitt \u201eWichtige Punkte\u201c, sowie die folgenden Aspekte: \u2022 Erstens: W\u00e4hrend des Rekrutierungsprozesses gibt [&hellip;]<\/p>\n","protected":false},"author":2,"featured_media":0,"parent":0,"menu_order":0,"comment_status":"closed","ping_status":"closed","template":"","meta":{"site-sidebar-layout":"no-sidebar","site-content-layout":"page-builder","ast-site-content-layout":"full-width-container","site-content-style":"default","site-sidebar-style":"default","ast-global-header-display":"","ast-banner-title-visibility":"","ast-main-header-display":"","ast-hfb-above-header-display":"","ast-hfb-below-header-display":"","ast-hfb-mobile-header-display":"","site-post-title":"disabled","ast-breadcrumbs-content":"","ast-featured-img":"disabled","footer-sml-layout":"","theme-transparent-header-meta":"","adv-header-id-meta":"","stick-header-meta":"","header-above-stick-meta":"","header-main-stick-meta":"","header-below-stick-meta":"","astra-migrate-meta-layouts":"default","ast-page-background-enabled":"default","ast-page-background-meta":{"desktop":{"background-color":"","background-image":"","background-repeat":"repeat","background-position":"center center","background-size":"auto","background-attachment":"scroll","background-type":"","background-media":"","overlay-type":"","overlay-color":"","overlay-opacity":"","overlay-gradient":""},"tablet":{"background-color":"","background-image":"","background-repeat":"repeat","background-position":"center center","background-size":"auto","background-attachment":"scroll","background-type":"","background-media":"","overlay-type":"","overlay-color":"","overlay-opacity":"","overlay-gradient":""},"mobile":{"background-color":"","background-image":"","background-repeat":"repeat","background-position":"center center","background-size":"auto","background-attachment":"scroll","background-type":"","background-media":"","overlay-type":"","overlay-color":"","overlay-opacity":"","overlay-gradient":""}},"ast-content-background-meta":{"desktop":{"background-color":"var(--ast-global-color-5)","background-image":"","background-repeat":"repeat","background-position":"center center","background-size":"auto","background-attachment":"scroll","background-type":"","background-media":"","overlay-type":"","overlay-color":"","overlay-opacity":"","overlay-gradient":""},"tablet":{"background-color":"var(--ast-global-color-5)","background-image":"","background-repeat":"repeat","background-position":"center center","background-size":"auto","background-attachment":"scroll","background-type":"","background-media":"","overlay-type":"","overlay-color":"","overlay-opacity":"","overlay-gradient":""},"mobile":{"background-color":"var(--ast-global-color-5)","background-image":"","background-repeat":"repeat","background-position":"center center","background-size":"auto","background-attachment":"scroll","background-type":"","background-media":"","overlay-type":"","overlay-color":"","overlay-opacity":"","overlay-gradient":""}},"footnotes":""},"class_list":["post-2507","page","type-page","status-publish","hentry"],"uagb_featured_image_src":{"full":false,"thumbnail":false,"medium":false,"medium_large":false,"large":false,"1536x1536":false,"2048x2048":false},"uagb_author_info":{"display_name":"fz@admin","author_link":"https:\/\/firouziart.com\/de\/author\/fzadmin\/"},"uagb_comment_info":0,"uagb_excerpt":"H\u00e4ufig gestellte Fragen f\u00fcr Bewerber 1. Wie kann ich Ihnen vertrauen? Angesichts der steigenden Nachfrage nach Einwanderung und Arbeitsvisa im Ausland ist es verst\u00e4ndlich, sich \u00fcber betr\u00fcgerische Aktivit\u00e4ten Sorgen zu machen. Daher empfehle ich Ihnen, diese Website sorgf\u00e4ltig zu pr\u00fcfen, insbesondere den Abschnitt \u201eWichtige Punkte\u201c, sowie die folgenden Aspekte: \u2022 Erstens: W\u00e4hrend des Rekrutierungsprozesses gibt&hellip;","_links":{"self":[{"href":"https:\/\/firouziart.com\/de\/wp-json\/wp\/v2\/pages\/2507","targetHints":{"allow":["GET"]}}],"collection":[{"href":"https:\/\/firouziart.com\/de\/wp-json\/wp\/v2\/pages"}],"about":[{"href":"https:\/\/firouziart.com\/de\/wp-json\/wp\/v2\/types\/page"}],"author":[{"embeddable":true,"href":"https:\/\/firouziart.com\/de\/wp-json\/wp\/v2\/users\/2"}],"replies":[{"embeddable":true,"href":"https:\/\/firouziart.com\/de\/wp-json\/wp\/v2\/comments?post=2507"}],"version-history":[{"count":4,"href":"https:\/\/firouziart.com\/de\/wp-json\/wp\/v2\/pages\/2507\/revisions"}],"predecessor-version":[{"id":2685,"href":"https:\/\/firouziart.com\/de\/wp-json\/wp\/v2\/pages\/2507\/revisions\/2685"}],"wp:attachment":[{"href":"https:\/\/firouziart.com\/de\/wp-json\/wp\/v2\/media?parent=2507"}],"curies":[{"name":"wp","href":"https:\/\/api.w.org\/{rel}","templated":true}]}}