{"id":2503,"date":"2018-04-11T13:30:34","date_gmt":"2018-04-11T09:00:34","guid":{"rendered":"https:\/\/firouzi.team\/nachricht-des-leiters-an-die-geschaetzten-investoren\/"},"modified":"2025-02-03T20:58:26","modified_gmt":"2025-02-03T17:28:26","slug":"nachricht-des-leiters-an-die-geschaetzten-investoren","status":"publish","type":"page","link":"https:\/\/firouziart.com\/de\/nachricht-des-leiters-an-die-geschaetzten-investoren\/","title":{"rendered":"Nachricht des Leiters an die gesch\u00e4tzten Investoren"},"content":{"rendered":"\t\t<div data-elementor-type=\"wp-post\" data-elementor-id=\"2503\" class=\"elementor elementor-2503 elementor-1155\" data-elementor-post-type=\"page\">\n\t\t\t\t\t\t<section class=\"elementor-section elementor-top-section elementor-element elementor-element-701e5fb elementor-section-content-middle elementor-section-boxed elementor-section-height-default elementor-section-height-default\" data-id=\"701e5fb\" data-element_type=\"section\" data-settings=\"{&quot;background_background&quot;:&quot;classic&quot;}\">\n\t\t\t\t\t\t\t<div class=\"elementor-background-overlay\"><\/div>\n\t\t\t\t\t\t\t<div class=\"elementor-container elementor-column-gap-wider\">\n\t\t\t\t\t<div class=\"elementor-column elementor-col-100 elementor-top-column elementor-element elementor-element-e027ee9\" data-id=\"e027ee9\" data-element_type=\"column\">\n\t\t\t<div class=\"elementor-widget-wrap elementor-element-populated\">\n\t\t\t\t\t\t<div class=\"elementor-element elementor-element-f00dccf elementor-widget elementor-widget-heading\" data-id=\"f00dccf\" data-element_type=\"widget\" data-widget_type=\"heading.default\">\n\t\t\t\t<div class=\"elementor-widget-container\">\n\t\t\t<h2 class=\"elementor-heading-title elementor-size-default\">Zusammenarbeit des Firouzi-Teams mit Investoren und Galerien<\/h2>\t\t<\/div>\n\t\t\t\t<\/div>\n\t\t\t\t\t<\/div>\n\t\t<\/div>\n\t\t\t\t\t<\/div>\n\t\t<\/section>\n\t\t\t\t<section class=\"elementor-section elementor-top-section elementor-element elementor-element-67b4b85 elementor-section-boxed elementor-section-height-default elementor-section-height-default\" data-id=\"67b4b85\" data-element_type=\"section\">\n\t\t\t\t\t\t<div class=\"elementor-container elementor-column-gap-default\">\n\t\t\t\t\t<div class=\"elementor-column elementor-col-100 elementor-top-column elementor-element elementor-element-1185ec5\" data-id=\"1185ec5\" data-element_type=\"column\">\n\t\t\t<div class=\"elementor-widget-wrap elementor-element-populated\">\n\t\t\t\t\t\t<div class=\"elementor-element elementor-element-d1602f5 elementor-widget elementor-widget-html\" data-id=\"d1602f5\" data-element_type=\"widget\" data-widget_type=\"html.default\">\n\t\t\t\t<div class=\"elementor-widget-container\">\n\t\t\t<div id=\"30703228358\"><script type=\"text\/JavaScript\" src=\"https:\/\/www.aparat.com\/embed\/hnp1q2k?data%5Brnddiv%5D=30703228358&amp;data%5Bresponsive%5D=yes&amp;titleShow=true\"><\/script><\/div>\t\t<\/div>\n\t\t\t\t<\/div>\n\t\t\t\t\t<\/div>\n\t\t<\/div>\n\t\t\t\t\t<\/div>\n\t\t<\/section>\n\t\t\t\t<section class=\"elementor-section elementor-top-section elementor-element elementor-element-08934ba elementor-section-content-top elementor-section-boxed elementor-section-height-default elementor-section-height-default\" data-id=\"08934ba\" data-element_type=\"section\" data-settings=\"{&quot;background_background&quot;:&quot;classic&quot;}\">\n\t\t\t\t\t\t\t<div class=\"elementor-background-overlay\"><\/div>\n\t\t\t\t\t\t\t<div class=\"elementor-container elementor-column-gap-wider\">\n\t\t\t\t\t<div class=\"elementor-column elementor-col-100 elementor-top-column elementor-element elementor-element-5a4eca2\" data-id=\"5a4eca2\" data-element_type=\"column\">\n\t\t\t<div class=\"elementor-widget-wrap elementor-element-populated\">\n\t\t\t\t\t\t<div class=\"elementor-element elementor-element-f6b775d elementor-widget elementor-widget-heading\" data-id=\"f6b775d\" data-element_type=\"widget\" data-widget_type=\"heading.default\">\n\t\t\t\t<div class=\"elementor-widget-container\">\n\t\t\t<h2 class=\"elementor-heading-title elementor-size-default\">Nachricht des Leiters an die gesch\u00e4tzten Investoren<\/h2>\t\t<\/div>\n\t\t\t\t<\/div>\n\t\t\t\t<section class=\"elementor-section elementor-inner-section elementor-element elementor-element-d951162 elementor-section-content-top elementor-section-full_width elementor-section-height-default elementor-section-height-default\" data-id=\"d951162\" data-element_type=\"section\">\n\t\t\t\t\t\t<div class=\"elementor-container elementor-column-gap-no\">\n\t\t\t\t\t<div class=\"elementor-column elementor-col-100 elementor-inner-column elementor-element elementor-element-100b81e\" data-id=\"100b81e\" data-element_type=\"column\">\n\t\t\t<div class=\"elementor-widget-wrap elementor-element-populated\">\n\t\t\t\t\t\t<div class=\"elementor-element elementor-element-e87d18c elementor-widget elementor-widget-text-editor\" data-id=\"e87d18c\" data-element_type=\"widget\" data-widget_type=\"text-editor.default\">\n\t\t\t\t<div class=\"elementor-widget-container\">\n\t\t\t\t\t\t\t<p style=\"text-align: center;\">Nachricht des Leiters an die gesch\u00e4tzten Investoren<\/p>\n<p style=\"text-align: center;\">Derzeit befindet sich die k\u00fcnstliche Intelligenz in einer Position, in der sie zusammen mit fortschrittlicher Technologie und modernen Werkzeugen sowie Maschinen jede Sch\u00f6nheit schnell und m\u00fchelos an jedem Ort der Welt erschaffen kann. Die Zusammenarbeit dieser drei Systeme ist zu einem starken Konkurrenten f\u00fcr Investoren und K\u00fcnstler geworden.<\/p>\n<p style=\"text-align: center;\">Nun haben Sie als gesch\u00e4tzter Investor m\u00f6glicherweise zwei Fragen im Kopf:<\/p>\n\t\t\t\t\t\t<\/div>\n\t\t\t\t<\/div>\n\t\t\t\t\t<\/div>\n\t\t<\/div>\n\t\t\t\t\t<\/div>\n\t\t<\/section>\n\t\t\t\t<section class=\"elementor-section elementor-inner-section elementor-element elementor-element-cdebd0a elementor-section-content-top elementor-section-full_width elementor-section-height-default elementor-section-height-default\" data-id=\"cdebd0a\" data-element_type=\"section\">\n\t\t\t\t\t\t<div class=\"elementor-container elementor-column-gap-no\">\n\t\t\t\t\t<div class=\"elementor-column elementor-col-100 elementor-inner-column elementor-element elementor-element-bde1ad8\" data-id=\"bde1ad8\" data-element_type=\"column\">\n\t\t\t<div class=\"elementor-widget-wrap elementor-element-populated\">\n\t\t\t\t\t\t<div class=\"elementor-element elementor-element-566d384 elementor-widget elementor-widget-text-editor\" data-id=\"566d384\" data-element_type=\"widget\" data-widget_type=\"text-editor.default\">\n\t\t\t\t<div class=\"elementor-widget-container\">\n\t\t\t\t\t\t\t<p><span style=\"font-size: 16px; font-style: normal; font-weight: 400; color: #ff0000;\">1. Kann k\u00fcnstliche Intelligenz ein Konkurrent des Firouzi-Teams sein?<\/span><\/p>\n<p>Die gemeinsame Sprache und die bekannten Materialien zwischen den drei Systemen (k\u00fcnstliche Intelligenz, Werkzeuge, Maschinen) erm\u00f6glichen ihre Interaktion und f\u00fchren zur Schaffung von Kunstwerken mit einheitlichen Materialien und Arbeitsmethoden, die weltweit verbreitet sind.<\/p>\n<p>Im Gegensatz dazu werden die Kunstwerke des Firouzi-Teams aus speziellen Materialien hergestellt, die einzigartige Effekte erm\u00f6glichen. Diese speziellen Materialien bestehen aus chemischen Substanzen, die mit den aktuellen Werkzeugen und Maschinen nicht in der Lage sind, die kreativen Techniken und Stile des Teams umzusetzen. <br \/>Chemische Substanzen zeigen je nach Zeit, Ort, Temperatur und Mischung unterschiedliche Effekte. Angesichts der Vielzahl chemischer Strukturen w\u00e4re es wirtschaftlich nicht vertretbar, eine gro\u00dfe Anzahl spezialisierter Maschinen und Werkzeuge f\u00fcr k\u00fcnstlerische Arbeiten zu entwickeln, die mit verschiedenen chemischen Substanzen und deren Kombinationen kompatibel sind. Zudem besitzen nur wenige K\u00fcnstler die F\u00e4higkeiten, diese besonderen Techniken und Stile umzusetzen, da sie auf umfangreichen Erfahrungen mit kontrollierten Reaktionen chemischer Substanzen basieren. Deshalb kann ich mit Sicherheit sagen:<br \/>Die k\u00fcnstliche Intelligenz im Firouzi-Team ist zusammen mit den beiden anderen Systemen nur ein leistungsstarkes Werkzeug, das unser Team nutzt, und sie kann niemals unser Konkurrent sein.<\/p>\n\t\t\t\t\t\t<\/div>\n\t\t\t\t<\/div>\n\t\t\t\t\t<\/div>\n\t\t<\/div>\n\t\t\t\t\t<\/div>\n\t\t<\/section>\n\t\t\t\t<section class=\"elementor-section elementor-inner-section elementor-element elementor-element-60a0c5d elementor-section-content-top elementor-section-full_width elementor-section-height-default elementor-section-height-default\" data-id=\"60a0c5d\" data-element_type=\"section\">\n\t\t\t\t\t\t<div class=\"elementor-container elementor-column-gap-no\">\n\t\t\t\t\t<div class=\"elementor-column elementor-col-100 elementor-inner-column elementor-element elementor-element-d95b00a\" data-id=\"d95b00a\" data-element_type=\"column\">\n\t\t\t<div class=\"elementor-widget-wrap elementor-element-populated\">\n\t\t\t\t\t\t<div class=\"elementor-element elementor-element-817cdc7 elementor-widget elementor-widget-text-editor\" data-id=\"817cdc7\" data-element_type=\"widget\" data-widget_type=\"text-editor.default\">\n\t\t\t\t<div class=\"elementor-widget-container\">\n\t\t\t\t\t\t\t<p style=\"text-align: center;\"><span style=\"color: #ff0000;\">2. Was macht eine Investition in das Firouzi-Team f\u00fcr Sie interessant?<\/span><\/p>\n<p>In diesem Team wird ein besonderes Augenmerk auf ein wichtiges Thema gelegt: die Zukunft der Kunst, die Ver\u00e4nderungen im k\u00fcnstlerischen Geschmack und die Kultur zuk\u00fcnftiger Zielgruppen. Kurz gesagt, die Kunstwerke des Firouzi-Teams werden als Skulpturen und Reliefs geschaffen, sorgf\u00e4ltig von K\u00fcnstlern bemalt und mit Licht sowie Farbreaktionen zu einzigartigen Effekten gestaltet. Zudem verst\u00e4rken die Kombination von Musik, die mit dem visuellen Bild harmoniert, und das momentane Verspr\u00fchen verschiedener D\u00fcfte die Verbindung des Publikums zum Kunstwerk. Hier erkennt die k\u00fcnstliche Intelligenz das Publikum, passt die Reaktionen basierend auf seinen Gef\u00fchlen an und analysiert es psychologisch. Dar\u00fcber hinaus kann sie emotionale Reaktionen f\u00fcr therapeutische Zwecke modifizieren.<\/p>\n\t\t\t\t\t\t<\/div>\n\t\t\t\t<\/div>\n\t\t\t\t\t<\/div>\n\t\t<\/div>\n\t\t\t\t\t<\/div>\n\t\t<\/section>\n\t\t\t\t<section class=\"elementor-section elementor-inner-section elementor-element elementor-element-5cba148 elementor-section-content-top elementor-section-full_width elementor-section-height-default elementor-section-height-default\" data-id=\"5cba148\" data-element_type=\"section\">\n\t\t\t\t\t\t<div class=\"elementor-container elementor-column-gap-no\">\n\t\t\t\t\t<div class=\"elementor-column elementor-col-100 elementor-inner-column elementor-element elementor-element-bdc6edb\" data-id=\"bdc6edb\" data-element_type=\"column\">\n\t\t\t<div class=\"elementor-widget-wrap elementor-element-populated\">\n\t\t\t\t\t\t<div class=\"elementor-element elementor-element-62b9a50 elementor-widget elementor-widget-text-editor\" data-id=\"62b9a50\" data-element_type=\"widget\" data-widget_type=\"text-editor.default\">\n\t\t\t\t<div class=\"elementor-widget-container\">\n\t\t\t\t\t\t\t<p style=\"text-align: center;\">Aus den vorherigen Fragen haben Sie als gesch\u00e4tzter Investor folgende Punkte verstanden:<\/p>\n<p style=\"text-align: center;\">Erstens: Mit der Idee, k\u00fcnstliche Intelligenz mit einem einzigartigen k\u00fcnstlerischen Stil zu kombinieren, sind die Werke dieses Teams in der Kunstwelt \u00e4u\u00dferst innovativ. Themen wie (Werke gro\u00dfer K\u00fcnstler, Fu\u00dfball und Sport, Natur, Industrie, Geschichte und Kultur, Weltraum) k\u00f6nnen auch den k\u00fcnstlerischen Geschmack zuk\u00fcnftiger Generationen ansprechen. Hier kann die k\u00fcnstliche Intelligenz in den Gem\u00e4lden des Teams durch ihre Reaktionen therapeutisch wirken.<\/p>\n<p style=\"text-align: center;\">Zweitens: Der einzige Konkurrent dieses professionellen Teams sind die Techniken und Stile, die die eigenen K\u00fcnstler des Teams durch unerm\u00fcdliche Arbeit entdecken.<\/p>\n<p style=\"text-align: center;\">Drittens: Selbst wenn Sie alle Effekte von Licht, Ton und k\u00fcnstlicher Intelligenz entfernen, bleiben die Kunstwerke des Firouzi-Teams an sich \u00e4u\u00dferst wertvoll und besitzen sowohl materiellen als auch spirituellen Wert. Jedes Kunstwerk wird in dieser Sammlung nur einmal produziert, und das exklusive Eigentum geh\u00f6rt dem Investor.<\/p>\n<p style=\"text-align: center;\">Im Firouzi-Team wird gro\u00dfer Wert auf die Erkennung und Nutzung des Potenzials von Teamarbeit gelegt, mit einer organisierten und strukturierten Organisationsstruktur, die die Geheimnisse und Techniken der Kunst sorgf\u00e4ltig sch\u00fctzt.<\/p>\n<p>Die Mitgliedschaft der K\u00fcnstler basiert ausschlie\u00dflich auf ihren F\u00e4higkeiten und ihrer Kreativit\u00e4t, wobei Religion und Nationalit\u00e4t keinerlei Rolle spielen.<br \/>Leider werden k\u00fcnstlerische Aktivit\u00e4ten oft von religi\u00f6sen Fanatikern und nationalistischen Extremisten ignoriert, was \u00e4u\u00dferst bedauerlich ist.<br \/>Aus diesem Grund sch\u00fctzt der Teamleiter das Team strikt vor jeglicher Einmischung nationalistischer oder religi\u00f6ser Vorurteile. <br \/>Hier k\u00f6nnen K\u00fcnstler aller Nationalit\u00e4ten ohne Diskriminierung Mitglied werden.<\/p>\n<p style=\"text-align: center;\">Derzeit<br \/>sind die Mitglieder dieses Teams hochmotiviert und bereit, mit Galerien und Museen zusammenzuarbeiten, die an Investitionen in die Anziehungskraft der Kunst und k\u00fcnstlichen Intelligenz (KI) interessiert sind.<\/p>\n<p>Abschlie\u00dfend laden wir Kunstexperten ein, unsere neuesten Kunstwerke zu besichtigen.<\/p>\n<p style=\"text-align: center;\">Ohne Zweifel werden Sie von den technischen und k\u00fcnstlerischen Stilen unseres Teams sowie der Art und Weise, wie Spezialeffekte mithilfe k\u00fcnstlicher Intelligenz kreiert und pr\u00e4sentiert werden, beeindruckt sein.<\/p>\n\t\t\t\t\t\t<\/div>\n\t\t\t\t<\/div>\n\t\t\t\t\t<\/div>\n\t\t<\/div>\n\t\t\t\t\t<\/div>\n\t\t<\/section>\n\t\t\t\t<div class=\"elementor-element elementor-element-3803059 elementor-widget-divider--view-line elementor-widget elementor-widget-divider\" data-id=\"3803059\" data-element_type=\"widget\" data-widget_type=\"divider.default\">\n\t\t\t\t<div class=\"elementor-widget-container\">\n\t\t\t\t\t<div class=\"elementor-divider\">\n\t\t\t<span class=\"elementor-divider-separator\">\n\t\t\t\t\t\t<\/span>\n\t\t<\/div>\n\t\t\t\t<\/div>\n\t\t\t\t<\/div>\n\t\t\t\t<section class=\"elementor-section elementor-inner-section elementor-element elementor-element-492aed0 elementor-section-content-middle elementor-section-boxed elementor-section-height-default elementor-section-height-default\" data-id=\"492aed0\" data-element_type=\"section\">\n\t\t\t\t\t\t<div class=\"elementor-container elementor-column-gap-default\">\n\t\t\t\t\t<div class=\"elementor-column elementor-col-100 elementor-inner-column elementor-element elementor-element-6e8210a\" data-id=\"6e8210a\" data-element_type=\"column\">\n\t\t\t<div class=\"elementor-widget-wrap elementor-element-populated\">\n\t\t\t\t\t\t<div class=\"elementor-element elementor-element-778298a elementor-widget elementor-widget-image-box\" data-id=\"778298a\" data-element_type=\"widget\" data-widget_type=\"image-box.default\">\n\t\t\t\t<div class=\"elementor-widget-container\">\n\t\t\t<div class=\"elementor-image-box-wrapper\"><div class=\"elementor-image-box-content\"><h4 class=\"elementor-image-box-title\">Kommunikation mit dem Manager:<\/h4><\/div><\/div>\t\t<\/div>\n\t\t\t\t<\/div>\n\t\t\t\t\t<\/div>\n\t\t<\/div>\n\t\t\t\t\t<\/div>\n\t\t<\/section>\n\t\t\t\t<section class=\"elementor-section elementor-inner-section elementor-element elementor-element-227c450 elementor-section-boxed elementor-section-height-default elementor-section-height-default\" data-id=\"227c450\" data-element_type=\"section\">\n\t\t\t\t\t\t<div class=\"elementor-container elementor-column-gap-default\">\n\t\t\t\t\t<div class=\"elementor-column elementor-col-50 elementor-inner-column elementor-element elementor-element-76401b5\" data-id=\"76401b5\" data-element_type=\"column\">\n\t\t\t<div class=\"elementor-widget-wrap elementor-element-populated\">\n\t\t\t\t\t\t<div class=\"elementor-element elementor-element-29875e8 elementor-view-stacked elementor-shape-circle elementor-widget elementor-widget-icon\" data-id=\"29875e8\" data-element_type=\"widget\" data-widget_type=\"icon.default\">\n\t\t\t\t<div class=\"elementor-widget-container\">\n\t\t\t\t\t<div class=\"elementor-icon-wrapper\">\n\t\t\t<div class=\"elementor-icon\">\n\t\t\t<i aria-hidden=\"true\" class=\"fas fa-mobile-alt\"><\/i>\t\t\t<\/div>\n\t\t<\/div>\n\t\t\t\t<\/div>\n\t\t\t\t<\/div>\n\t\t\t\t\t<\/div>\n\t\t<\/div>\n\t\t\t\t<div class=\"elementor-column elementor-col-50 elementor-inner-column elementor-element elementor-element-6e5d3f0\" data-id=\"6e5d3f0\" data-element_type=\"column\">\n\t\t\t<div class=\"elementor-widget-wrap elementor-element-populated\">\n\t\t\t\t\t\t<div class=\"elementor-element elementor-element-7836cac elementor-view-stacked elementor-shape-circle elementor-widget elementor-widget-icon\" data-id=\"7836cac\" data-element_type=\"widget\" data-widget_type=\"icon.default\">\n\t\t\t\t<div class=\"elementor-widget-container\">\n\t\t\t\t\t<div class=\"elementor-icon-wrapper\">\n\t\t\t<div class=\"elementor-icon\">\n\t\t\t<i aria-hidden=\"true\" class=\"fab fa-whatsapp\"><\/i>\t\t\t<\/div>\n\t\t<\/div>\n\t\t\t\t<\/div>\n\t\t\t\t<\/div>\n\t\t\t\t\t<\/div>\n\t\t<\/div>\n\t\t\t\t\t<\/div>\n\t\t<\/section>\n\t\t\t\t<div class=\"elementor-element elementor-element-9d68809 elementor-widget elementor-widget-text-editor\" data-id=\"9d68809\" data-element_type=\"widget\" data-widget_type=\"text-editor.default\">\n\t\t\t\t<div class=\"elementor-widget-container\">\n\t\t\t\t\t\t\t<h4 style=\"text-align: center;\">Kontaktnummer und WhatsApp des Managers:<\/h4>\n<h4 style=\"text-align: center;\">(0098) 913-240-3780&nbsp;<\/h4>\t\t\t\t\t\t<\/div>\n\t\t\t\t<\/div>\n\t\t\t\t<div class=\"elementor-element elementor-element-bce5022 elementor-view-stacked elementor-shape-circle elementor-widget elementor-widget-icon\" data-id=\"bce5022\" data-element_type=\"widget\" data-widget_type=\"icon.default\">\n\t\t\t\t<div class=\"elementor-widget-container\">\n\t\t\t\t\t<div class=\"elementor-icon-wrapper\">\n\t\t\t<div class=\"elementor-icon\">\n\t\t\t<i aria-hidden=\"true\" class=\"far fa-envelope-open\"><\/i>\t\t\t<\/div>\n\t\t<\/div>\n\t\t\t\t<\/div>\n\t\t\t\t<\/div>\n\t\t\t\t<div class=\"elementor-element elementor-element-6d1180a elementor-widget elementor-widget-text-editor\" data-id=\"6d1180a\" data-element_type=\"widget\" data-widget_type=\"text-editor.default\">\n\t\t\t\t<div class=\"elementor-widget-container\">\n\t\t\t\t\t\t\t<h4 style=\"text-align: center;\">E-Mail<\/h4>\n<h3 style=\"text-align: center;\">FirouziTeam@gmail.com<\/h3>\n\t\t\t\t\t\t<\/div>\n\t\t\t\t<\/div>\n\t\t\t\t\t<\/div>\n\t\t<\/div>\n\t\t\t\t\t<\/div>\n\t\t<\/section>\n\t\t\t\t<\/div>\n\t\t","protected":false},"excerpt":{"rendered":"<p>Zusammenarbeit des Firouzi-Teams mit Investoren und Galerien Nachricht des Leiters an die gesch\u00e4tzten Investoren Nachricht des Leiters an die gesch\u00e4tzten Investoren Derzeit befindet sich die k\u00fcnstliche Intelligenz in einer Position, in der sie zusammen mit fortschrittlicher Technologie und modernen Werkzeugen sowie Maschinen jede Sch\u00f6nheit schnell und m\u00fchelos an jedem Ort der Welt erschaffen kann. Die [&hellip;]<\/p>\n","protected":false},"author":1,"featured_media":0,"parent":0,"menu_order":0,"comment_status":"closed","ping_status":"closed","template":"","meta":{"site-sidebar-layout":"no-sidebar","site-content-layout":"page-builder","ast-site-content-layout":"","site-content-style":"default","site-sidebar-style":"default","ast-global-header-display":"","ast-banner-title-visibility":"","ast-main-header-display":"","ast-hfb-above-header-display":"","ast-hfb-below-header-display":"","ast-hfb-mobile-header-display":"","site-post-title":"disabled","ast-breadcrumbs-content":"","ast-featured-img":"disabled","footer-sml-layout":"","theme-transparent-header-meta":"enabled","adv-header-id-meta":"","stick-header-meta":"default","header-above-stick-meta":"","header-main-stick-meta":"","header-below-stick-meta":"","astra-migrate-meta-layouts":"default","ast-page-background-enabled":"default","ast-page-background-meta":{"desktop":{"background-color":"","background-image":"","background-repeat":"repeat","background-position":"center center","background-size":"auto","background-attachment":"scroll","background-type":"","background-media":"","overlay-type":"","overlay-color":"","overlay-opacity":"","overlay-gradient":""},"tablet":{"background-color":"","background-image":"","background-repeat":"repeat","background-position":"center center","background-size":"auto","background-attachment":"scroll","background-type":"","background-media":"","overlay-type":"","overlay-color":"","overlay-opacity":"","overlay-gradient":""},"mobile":{"background-color":"","background-image":"","background-repeat":"repeat","background-position":"center center","background-size":"auto","background-attachment":"scroll","background-type":"","background-media":"","overlay-type":"","overlay-color":"","overlay-opacity":"","overlay-gradient":""}},"ast-content-background-meta":{"desktop":{"background-color":"var(--ast-global-color-5)","background-image":"","background-repeat":"repeat","background-position":"center center","background-size":"auto","background-attachment":"scroll","background-type":"","background-media":"","overlay-type":"","overlay-color":"","overlay-opacity":"","overlay-gradient":""},"tablet":{"background-color":"var(--ast-global-color-5)","background-image":"","background-repeat":"repeat","background-position":"center center","background-size":"auto","background-attachment":"scroll","background-type":"","background-media":"","overlay-type":"","overlay-color":"","overlay-opacity":"","overlay-gradient":""},"mobile":{"background-color":"var(--ast-global-color-5)","background-image":"","background-repeat":"repeat","background-position":"center center","background-size":"auto","background-attachment":"scroll","background-type":"","background-media":"","overlay-type":"","overlay-color":"","overlay-opacity":"","overlay-gradient":""}},"footnotes":""},"class_list":["post-2503","page","type-page","status-publish","hentry"],"uagb_featured_image_src":{"full":false,"thumbnail":false,"medium":false,"medium_large":false,"large":false,"1536x1536":false,"2048x2048":false},"uagb_author_info":{"display_name":"astra","author_link":"https:\/\/firouziart.com\/de\/author\/astra\/"},"uagb_comment_info":0,"uagb_excerpt":"Zusammenarbeit des Firouzi-Teams mit Investoren und Galerien Nachricht des Leiters an die gesch\u00e4tzten Investoren Nachricht des Leiters an die gesch\u00e4tzten Investoren Derzeit befindet sich die k\u00fcnstliche Intelligenz in einer Position, in der sie zusammen mit fortschrittlicher Technologie und modernen Werkzeugen sowie Maschinen jede Sch\u00f6nheit schnell und m\u00fchelos an jedem Ort der Welt erschaffen kann. Die&hellip;","_links":{"self":[{"href":"https:\/\/firouziart.com\/de\/wp-json\/wp\/v2\/pages\/2503","targetHints":{"allow":["GET"]}}],"collection":[{"href":"https:\/\/firouziart.com\/de\/wp-json\/wp\/v2\/pages"}],"about":[{"href":"https:\/\/firouziart.com\/de\/wp-json\/wp\/v2\/types\/page"}],"author":[{"embeddable":true,"href":"https:\/\/firouziart.com\/de\/wp-json\/wp\/v2\/users\/1"}],"replies":[{"embeddable":true,"href":"https:\/\/firouziart.com\/de\/wp-json\/wp\/v2\/comments?post=2503"}],"version-history":[{"count":12,"href":"https:\/\/firouziart.com\/de\/wp-json\/wp\/v2\/pages\/2503\/revisions"}],"predecessor-version":[{"id":2835,"href":"https:\/\/firouziart.com\/de\/wp-json\/wp\/v2\/pages\/2503\/revisions\/2835"}],"wp:attachment":[{"href":"https:\/\/firouziart.com\/de\/wp-json\/wp\/v2\/media?parent=2503"}],"curies":[{"name":"wp","href":"https:\/\/api.w.org\/{rel}","templated":true}]}}